{"id":997,"date":"2021-06-02T12:45:45","date_gmt":"2021-06-02T15:45:45","guid":{"rendered":"http:\/\/www.mdp.edu.ar\/derecho\/derecho2019\/?page_id=997"},"modified":"2021-06-23T06:44:34","modified_gmt":"2021-06-23T09:44:34","slug":"observatorio-juridico-area-de-genero","status":"publish","type":"page","link":"https:\/\/derecho.mdp.edu.ar\/index.php\/observatorio-juridico-area-de-genero\/","title":{"rendered":"Observatorio Jur\u00eddico &#8211; \u00c1rea de G\u00e9nero"},"content":{"rendered":"<h1>\u00c1REA DE G\u00c9NERO<\/h1>\n<p>Este espacio nos desaf\u00eda y compromete con una tem\u00e1tica que es transversal a toda la sociedad, que requiere de una mirada jur\u00eddica que incluya la perspectiva de g\u00e9nero, que deba ser integral e interdisciplinaria.-<\/p>\n<p>El desarrollo de capacitaciones, conversatorios, talleres, mesas de trabajo y debate nos brindar\u00e1 el conocimiento de campo.- La investigaci\u00f3n nos permitir\u00e1 explorar oportunidades e instar acciones concretas.- Estaremos comprometidos con el dise\u00f1o y la elaboraci\u00f3n de buenas pr\u00e1cticas que puedan ser seguidas y multiplicadas, como as\u00ed tambi\u00e9n, promoveremos la elaboraci\u00f3n de informes t\u00e9cnicos con perspectiva de g\u00e9nero en causas concretas fundado en marcos normativos y formularemos propuestas legislativas con fundamento acad\u00e9mico y de pr\u00e1ctica profesional.-<\/p>\n<p><strong>INTEGRANTES<\/strong><\/p>\n<p><strong>Coordinadora: <\/strong>MARIA FATIMA SILVA<\/p>\n<p>MARIA FERNANDA RODRIGUEZ<\/p>\n<p>ADELINA LOIANNO<\/p>\n<p>MARIANELA MORO<\/p>\n<p>ALICIA TRUCHI<\/p>\n","protected":false},"excerpt":{"rendered":"<p>\u00c1REA DE G\u00c9NERO Este espacio nos desaf\u00eda y compromete con una tem\u00e1tica que es transversal a toda la sociedad, que requiere de una mirada jur\u00eddica que incluya la perspectiva de g\u00e9nero, que deba ser integral e interdisciplinaria.- El desarrollo de capacitaciones, conversatorios, talleres, mesas de trabajo y debate nos brindar\u00e1 el conocimiento de campo.- La &hellip; <\/p>\n<p class=\"link-more\"><a href=\"https:\/\/derecho.mdp.edu.ar\/index.php\/observatorio-juridico-area-de-genero\/\" class=\"more-link\">Segu\u00ed leyendo<span class=\"screen-reader-text\"> &#8220;Observatorio Jur\u00eddico &#8211; \u00c1rea de G\u00e9nero&#8221;<\/span><\/a><\/p>\n","protected":false},"author":1,"featured_media":0,"parent":0,"menu_order":0,"comment_status":"closed","ping_status":"closed","template":"","meta":[],"_links":{"self":[{"href":"https:\/\/derecho.mdp.edu.ar\/index.php\/wp-json\/wp\/v2\/pages\/997"}],"collection":[{"href":"https:\/\/derecho.mdp.edu.ar\/index.php\/wp-json\/wp\/v2\/pages"}],"about":[{"href":"https:\/\/derecho.mdp.edu.ar\/index.php\/wp-json\/wp\/v2\/types\/page"}],"author":[{"embeddable":true,"href":"https:\/\/derecho.mdp.edu.ar\/index.php\/wp-json\/wp\/v2\/users\/1"}],"replies":[{"embeddable":true,"href":"https:\/\/derecho.mdp.edu.ar\/index.php\/wp-json\/wp\/v2\/comments?post=997"}],"version-history":[{"count":3,"href":"https:\/\/derecho.mdp.edu.ar\/index.php\/wp-json\/wp\/v2\/pages\/997\/revisions"}],"predecessor-version":[{"id":1007,"href":"https:\/\/derecho.mdp.edu.ar\/index.php\/wp-json\/wp\/v2\/pages\/997\/revisions\/1007"}],"wp:attachment":[{"href":"https:\/\/derecho.mdp.edu.ar\/index.php\/wp-json\/wp\/v2\/media?parent=997"}],"curies":[{"name":"wp","href":"https:\/\/api.w.org\/{rel}","templated":true}]}}