{"id":995,"date":"2021-06-10T15:57:20","date_gmt":"2021-06-10T18:57:20","guid":{"rendered":"http:\/\/www.mdp.edu.ar\/derecho\/derecho2019\/?page_id=995"},"modified":"2021-06-23T06:43:12","modified_gmt":"2021-06-23T09:43:12","slug":"observatorio-juridico-area-inteligencia-artificial","status":"publish","type":"page","link":"https:\/\/derecho.mdp.edu.ar\/index.php\/observatorio-juridico-area-inteligencia-artificial\/","title":{"rendered":"Observatorio Jur\u00eddico &#8211; \u00c1rea Inteligencia Artificial"},"content":{"rendered":"<h1>\u00c1REA INTELIGENCIA ARTIFICIAL<\/h1>\n<p>El \u00e1rea de Inteligencia Artificial en el \u201cObservatorio Jur\u00eddico Abogada Mar\u00eda Ang\u00e9lica Barreda\u201d, de la Facultad de Derecho de la Universidad Nacional de Mar del Plata, abordar\u00e1 diferentes aspectos en la materia, con el fin de analizar y compartir el conocimiento n\u00facleo, a la vez convocar las diferentes opiniones y corrientes de pensamiento, documentando la actividad para beneficio de quienes deseen informarse.<\/p>\n<p>En el Derecho como todas las disciplinas relacionadas a las ciencias sociales, desde hace d\u00e9cadas se ha percibido, la necesidad aprovechar los medios tecnol\u00f3gicos disponibles, en especial de manera m\u00e1s acentuada en el tercer milenio.<\/p>\n<p>Nos referimos muy puntualmente a la aparici\u00f3n decidida, durante la \u00faltima d\u00e9cada, de tecnolog\u00edas emergentes o disruptivas que han alcanzado un grado de interacci\u00f3n con la sociedad, las profesiones y el mundo del trabajo.<\/p>\n<p>A partir de ello, se abren grandes expectativas para la soluci\u00f3n problemas propios de esta \u00e1rea de conocimiento, a la vez que se incrementan las preocupaciones por el grado de penetraci\u00f3n de las tecnolog\u00edas de la informaci\u00f3n inteligentes, en la vida de las personas, en la salud de las relaciones humanas que constituyen el tejido social y su impacto en las actividades laborales en general.<\/p>\n<p>Distintas herramientas que emulan funciones del cerebro humano, desde lo simple hasta lo medianamente complejo, han concurrido a generar oportunidades impensables hasta no hace mucho tiempo para mejorar las potencialidades profesionales en el mundo del Derecho y el Sistema de Administraci\u00f3n de Justicia, pero tambi\u00e9n en la Econom\u00eda, la Salud, la Educaci\u00f3n, la Industria, el Comercio, etc.<\/p>\n<p>La actividad de los operadores jur\u00eddicos en general y su gesti\u00f3n, es acompa\u00f1ada por la generaci\u00f3n de servicios tecnol\u00f3gicos cada vez m\u00e1s avanzados en el grado de autonom\u00eda y creciente de innovaci\u00f3n. El ejercicio profesional de asesoramiento y litigaci\u00f3n as\u00ed como justicia, comienzan nutriendo de nuevas capacidades, que en breve apuntar\u00e1n en breve a la aplicaci\u00f3n de sistemas expertos e inteligencia artificial denominada d\u00e9bil; ese camino. tambi\u00e9n est\u00e1 comenzando a ser recorrido por el estado en general.<\/p>\n<p>En mayor o menor medida asistimos a una era de desarrollo y despliegue continuo, extendido e intensivos; y m\u00e1s recientemente por una fuerza inductiva casi arrasadora debido a la Pandemia \u2013 COVID19.<\/p>\n<p>El \u201cObservatorio Jur\u00eddico Abogada Mar\u00eda Ang\u00e9lica Barreda de la Facultad de Derecho de la Universidad Nacional de Mar del Plata\u201d, ha asumido un desaf\u00edo formidable al incorporar en su contexto el \u00e1rea de Inteligencia Artificial (IA), inspirando el compromiso para la realizaci\u00f3n de propuestas de base tecnol\u00f3gica, an\u00e1lisis de problemas jur\u00eddicos relacionados con el ecosistema del mundo digital emergente y disruptivo, adem\u00e1s de trabajar en la difusi\u00f3n ideas para la implementaci\u00f3n de las aplicaciones de tecnolog\u00edas inteligentes y debatir sobre los dilemas que las acompa\u00f1an en los contextos jur\u00eddicos, sociales y de Derechos Humanos<\/p>\n<p>La primera actividad del \u00e1rea ser\u00e1 la elaboraci\u00f3n de una agenda que le permita desarrollar y comunicar aspectos estrat\u00e9gicos:<\/p>\n<ul>\n<li>Realizaci\u00f3n de actividades acad\u00e9micas invitando a referentes en Inteligencia Artificial en el universo jur\u00eddico, con el objeto difundir conocimientos y experiencias.<\/li>\n<li>Difusi\u00f3n de documentos nacionales o internacionales en la materia, conteniendo propuestas normativas, proyectos de investigaci\u00f3n y\/o debates sobre la aplicaci\u00f3n de tecnolog\u00edas inteligentes a los servicios del estado, al mundo del consumo, la actividad financiera, la salud, la educaci\u00f3n y en general a la adquisici\u00f3n de bienes y servicios.<\/li>\n<li>Realizaci\u00f3n de propuestas para la incorporaci\u00f3n de conocimientos sobre la \u201cexperticia\u201d, tanto en la etapa de grado como de posgrado, en la formaci\u00f3n universitaria de profesionales de las tecnolog\u00edas de la informaci\u00f3n y del derecho.<\/li>\n<li>Generaci\u00f3n de espacios transversales a las otras \u00e1reas del observatorio y de las dem\u00e1s profesiones para desarrollo de las relaciones con las tecnolog\u00edas IA aplicables y el sistema jur\u00eddico.<\/li>\n<li>An\u00e1lisis de aportes disponibles en materia de Big Data, Machine Learning, Deep Learning, Anal\u00edtica aplicada a Pol\u00edticas P\u00fablicas, Internet de las Cosas, Bots y Asistentes Virtuales, etc., su aplicaci\u00f3n en el mundo jur\u00eddico y en los servicios p\u00fablicos.<\/li>\n<\/ul>\n<p><strong>INTEGRANTES<\/strong><\/p>\n<p><strong>Coordinador: <\/strong>GUILLERMO COSENTINO<\/p>\n<p>GABRIELA BENEDICTO<\/p>\n<p>ALEJANDRO TAZZA<\/p>\n<p>SEBASTIAN MITIDIERI<\/p>\n<p>ANDRES SARAVIA<\/p>\n","protected":false},"excerpt":{"rendered":"<p>\u00c1REA INTELIGENCIA ARTIFICIAL El \u00e1rea de Inteligencia Artificial en el \u201cObservatorio Jur\u00eddico Abogada Mar\u00eda Ang\u00e9lica Barreda\u201d, de la Facultad de Derecho de la Universidad Nacional de Mar del Plata, abordar\u00e1 diferentes aspectos en la materia, con el fin de analizar y compartir el conocimiento n\u00facleo, a la vez convocar las diferentes opiniones y corrientes de &hellip; <\/p>\n<p class=\"link-more\"><a href=\"https:\/\/derecho.mdp.edu.ar\/index.php\/observatorio-juridico-area-inteligencia-artificial\/\" class=\"more-link\">Segu\u00ed leyendo<span class=\"screen-reader-text\"> &#8220;Observatorio Jur\u00eddico &#8211; \u00c1rea Inteligencia Artificial&#8221;<\/span><\/a><\/p>\n","protected":false},"author":1,"featured_media":0,"parent":0,"menu_order":0,"comment_status":"closed","ping_status":"closed","template":"","meta":[],"_links":{"self":[{"href":"https:\/\/derecho.mdp.edu.ar\/index.php\/wp-json\/wp\/v2\/pages\/995"}],"collection":[{"href":"https:\/\/derecho.mdp.edu.ar\/index.php\/wp-json\/wp\/v2\/pages"}],"about":[{"href":"https:\/\/derecho.mdp.edu.ar\/index.php\/wp-json\/wp\/v2\/types\/page"}],"author":[{"embeddable":true,"href":"https:\/\/derecho.mdp.edu.ar\/index.php\/wp-json\/wp\/v2\/users\/1"}],"replies":[{"embeddable":true,"href":"https:\/\/derecho.mdp.edu.ar\/index.php\/wp-json\/wp\/v2\/comments?post=995"}],"version-history":[{"count":3,"href":"https:\/\/derecho.mdp.edu.ar\/index.php\/wp-json\/wp\/v2\/pages\/995\/revisions"}],"predecessor-version":[{"id":1018,"href":"https:\/\/derecho.mdp.edu.ar\/index.php\/wp-json\/wp\/v2\/pages\/995\/revisions\/1018"}],"wp:attachment":[{"href":"https:\/\/derecho.mdp.edu.ar\/index.php\/wp-json\/wp\/v2\/media?parent=995"}],"curies":[{"name":"wp","href":"https:\/\/api.w.org\/{rel}","templated":true}]}}