{"id":991,"date":"2021-06-10T16:33:19","date_gmt":"2021-06-10T19:33:19","guid":{"rendered":"http:\/\/www.mdp.edu.ar\/derecho\/derecho2019\/?page_id=991"},"modified":"2021-06-23T06:47:05","modified_gmt":"2021-06-23T09:47:05","slug":"observatorio-juridico-area-legislacion","status":"publish","type":"page","link":"https:\/\/derecho.mdp.edu.ar\/index.php\/observatorio-juridico-area-legislacion\/","title":{"rendered":"Observatorio Jur\u00eddico &#8211; \u00c1rea Legislaci\u00f3n"},"content":{"rendered":"<p><strong>AREA LEGISLACION<\/strong><\/p>\n<p>La legislaci\u00f3n en forma preliminar y desde el punto de vista objetivo es el conjunto de las leyes, decretos y dem\u00e1s resoluciones de car\u00e1cter permanente y obligatorio, creadas por el Estado para la conservaci\u00f3n del orden social; aspiramos a generar dict\u00e1menes, proyectos y seguimiento de la legislaci\u00f3n, generando aportes e iniciativas de reformas.<\/p>\n<p>El vocablo \u00abLegislaci\u00f3n\u00bb (deriva del lat\u00edn legislat\u00edo), significa el \u201cconjunto o cuerpo de leyes por las cuales se gobierna un Estado o una materia determinada\u201d, por extensi\u00f3n es la ciencia de las leyes; consecuentemente en sentido etimol\u00f3gico, es el conjunto de las leyes. Tambi\u00e9n, por prolongaci\u00f3n, es la acci\u00f3n de legislar y extensible a los tres niveles del Estado -Nacional, Provincial y Municipal-.<\/p>\n<p>Propendemos al desarrollo y generaci\u00f3n de instancias de capacitaci\u00f3n en materia de t\u00e9cnica legislativa entendida como el conjunto de reglas pr\u00e1cticas aplicadas en la redacci\u00f3n y estructura de una norma determinada, para que su contenido resulte entendible y accesible a la comprensi\u00f3n, y teniendo como finalidad que pueda ser aplicada correctamente por los operadores jur\u00eddicos como cercana a toda persona que necesite conocer el alcance de la referida legislaci\u00f3n.<\/p>\n<p><strong>INTEGRANTES<\/strong><\/p>\n<p><strong>Coordinador: <\/strong>GUSTAVO J. LOPEZ<\/p>\n","protected":false},"excerpt":{"rendered":"<p>AREA LEGISLACION La legislaci\u00f3n en forma preliminar y desde el punto de vista objetivo es el conjunto de las leyes, decretos y dem\u00e1s resoluciones de car\u00e1cter permanente y obligatorio, creadas por el Estado para la conservaci\u00f3n del orden social; aspiramos a generar dict\u00e1menes, proyectos y seguimiento de la legislaci\u00f3n, generando aportes e iniciativas de reformas. &hellip; <\/p>\n<p class=\"link-more\"><a href=\"https:\/\/derecho.mdp.edu.ar\/index.php\/observatorio-juridico-area-legislacion\/\" class=\"more-link\">Segu\u00ed leyendo<span class=\"screen-reader-text\"> &#8220;Observatorio Jur\u00eddico &#8211; \u00c1rea Legislaci\u00f3n&#8221;<\/span><\/a><\/p>\n","protected":false},"author":1,"featured_media":0,"parent":0,"menu_order":0,"comment_status":"closed","ping_status":"closed","template":"","meta":[],"_links":{"self":[{"href":"https:\/\/derecho.mdp.edu.ar\/index.php\/wp-json\/wp\/v2\/pages\/991"}],"collection":[{"href":"https:\/\/derecho.mdp.edu.ar\/index.php\/wp-json\/wp\/v2\/pages"}],"about":[{"href":"https:\/\/derecho.mdp.edu.ar\/index.php\/wp-json\/wp\/v2\/types\/page"}],"author":[{"embeddable":true,"href":"https:\/\/derecho.mdp.edu.ar\/index.php\/wp-json\/wp\/v2\/users\/1"}],"replies":[{"embeddable":true,"href":"https:\/\/derecho.mdp.edu.ar\/index.php\/wp-json\/wp\/v2\/comments?post=991"}],"version-history":[{"count":1,"href":"https:\/\/derecho.mdp.edu.ar\/index.php\/wp-json\/wp\/v2\/pages\/991\/revisions"}],"predecessor-version":[{"id":992,"href":"https:\/\/derecho.mdp.edu.ar\/index.php\/wp-json\/wp\/v2\/pages\/991\/revisions\/992"}],"wp:attachment":[{"href":"https:\/\/derecho.mdp.edu.ar\/index.php\/wp-json\/wp\/v2\/media?parent=991"}],"curies":[{"name":"wp","href":"https:\/\/api.w.org\/{rel}","templated":true}]}}