{"id":989,"date":"2021-06-10T16:32:11","date_gmt":"2021-06-10T19:32:11","guid":{"rendered":"http:\/\/www.mdp.edu.ar\/derecho\/derecho2019\/?page_id=989"},"modified":"2021-06-23T06:45:27","modified_gmt":"2021-06-23T09:45:27","slug":"observatorio-juridico-area-de-salud","status":"publish","type":"page","link":"https:\/\/derecho.mdp.edu.ar\/index.php\/observatorio-juridico-area-de-salud\/","title":{"rendered":"Observatorio Jur\u00eddico &#8211; \u00c1rea de Salud"},"content":{"rendered":"<h1><strong>AREA DE SALUD<\/strong><\/h1>\n<p>El \u00c1rea de Salud de este Observatorio se basa en los principios del Derecho de la Salud, como rama jur\u00eddica aut\u00f3noma y, en especial, en el cuidado de las personas de cuya salud se trata as\u00ed como de quienes intervienen en las prestaciones. A trav\u00e9s de sus distintas l\u00edneas de trabajo se plasma un enfoque acorde con los criterios de disponibilidad, accesibilidad, aceptabilidad y calidad establecidos por los organismos internacionales para el derecho a la salud. Su labor se fundamenta en las investigaciones y trabajo de campo de los mayores referentes de la disciplina, tanto nacionales como extranjeros, en una visi\u00f3n federal de trabajo y con aportes de expertos en salud p\u00fablica, jueces y operadores jur\u00eddicos.<\/p>\n<p><strong>INTEGRANTES<\/strong><\/p>\n<p><strong>Coordinadora:<\/strong> ANA INES DIAZ<\/p>\n<p>MARISA AISENBERG<\/p>\n<p>MARCELO LACEDONIA<\/p>\n","protected":false},"excerpt":{"rendered":"<p>AREA DE SALUD El \u00c1rea de Salud de este Observatorio se basa en los principios del Derecho de la Salud, como rama jur\u00eddica aut\u00f3noma y, en especial, en el cuidado de las personas de cuya salud se trata as\u00ed como de quienes intervienen en las prestaciones. A trav\u00e9s de sus distintas l\u00edneas de trabajo se &hellip; <\/p>\n<p class=\"link-more\"><a href=\"https:\/\/derecho.mdp.edu.ar\/index.php\/observatorio-juridico-area-de-salud\/\" class=\"more-link\">Segu\u00ed leyendo<span class=\"screen-reader-text\"> &#8220;Observatorio Jur\u00eddico &#8211; \u00c1rea de Salud&#8221;<\/span><\/a><\/p>\n","protected":false},"author":1,"featured_media":0,"parent":0,"menu_order":0,"comment_status":"closed","ping_status":"closed","template":"","meta":[],"_links":{"self":[{"href":"https:\/\/derecho.mdp.edu.ar\/index.php\/wp-json\/wp\/v2\/pages\/989"}],"collection":[{"href":"https:\/\/derecho.mdp.edu.ar\/index.php\/wp-json\/wp\/v2\/pages"}],"about":[{"href":"https:\/\/derecho.mdp.edu.ar\/index.php\/wp-json\/wp\/v2\/types\/page"}],"author":[{"embeddable":true,"href":"https:\/\/derecho.mdp.edu.ar\/index.php\/wp-json\/wp\/v2\/users\/1"}],"replies":[{"embeddable":true,"href":"https:\/\/derecho.mdp.edu.ar\/index.php\/wp-json\/wp\/v2\/comments?post=989"}],"version-history":[{"count":1,"href":"https:\/\/derecho.mdp.edu.ar\/index.php\/wp-json\/wp\/v2\/pages\/989\/revisions"}],"predecessor-version":[{"id":990,"href":"https:\/\/derecho.mdp.edu.ar\/index.php\/wp-json\/wp\/v2\/pages\/989\/revisions\/990"}],"wp:attachment":[{"href":"https:\/\/derecho.mdp.edu.ar\/index.php\/wp-json\/wp\/v2\/media?parent=989"}],"curies":[{"name":"wp","href":"https:\/\/api.w.org\/{rel}","templated":true}]}}