{"id":87,"date":"2019-06-12T17:26:42","date_gmt":"2019-06-12T20:26:42","guid":{"rendered":"http:\/\/www.mdp.edu.ar\/derecho\/derecho2019\/?page_id=87"},"modified":"2024-08-27T11:18:57","modified_gmt":"2024-08-27T14:18:57","slug":"docentes-concursos-y-revalidas","status":"publish","type":"page","link":"https:\/\/derecho.mdp.edu.ar\/index.php\/docentes-concursos-y-revalidas\/","title":{"rendered":"Docentes &#8220;Concursos y Rev\u00e1lidas&#8221;"},"content":{"rendered":"<h1>CONCURSOS Y REV\u00c1LIDAS<\/h1>\n<p><strong>INFORMES<\/strong><\/p>\n<p><strong>Personal administrativo<\/strong>\u00a0Sra. Nora Perales.<\/p>\n<p><strong>Horario de atenci\u00f3n<\/strong>\u00a010 a 14 hs.<\/p>\n<p><strong>Tel\u00e9fono<\/strong>\u00a0(0223) 491-1376<\/p>\n<p><strong>Email de contacto<\/strong>\u00a0concdere@gmail.com<\/p>\n<h2><strong>CONCURSOS PARA DOCENTES<\/strong><\/h2>\n<p>Los concursos para cargos docentes est\u00e1n reglamentados por la <a href=\"https:\/\/drive.google.com\/file\/d\/1IcFi5gl_ybTVvcwS6j2IEYDzwCXxo23z\/view?usp=sharing\">OCS N\u00ba 690\/93<\/a> y sus modificatorias y por la\u00a0<a href=\"https:\/\/drive.google.com\/file\/d\/17-LtKAOEXAy_ZIk7C1EQJfS3LbtXeFNu\/view?usp=sharing\">OCA N\u00ba 406\/18.<\/a><\/p>\n<p>La presentaci\u00f3n de \u201csolicitudes de inscripci\u00f3n a concursos\u201d y documentaci\u00f3n prevista en las reglamentaciones de esta Universidad, se realizar\u00e1 inexcusablemente a trav\u00e9s de correo electr\u00f3nico a la oficina de concursos\u00a0<a href=\"mailto:concdere@mdp.edu.ar\" target=\"_blank\" rel=\"noopener\">concdere@mdp.edu.ar<\/a>\u00a0y\u00a0<a href=\"mailto:concdere@gmail.com\" target=\"_blank\" rel=\"noopener\">concdere@gmail.com<\/a>\u00a0, indicando en el ASUNTO el concurso correspondiente, con firma digital o en su defecto con firma ol\u00f3grafa. Las copias digitalizadas de la documentaci\u00f3n original obrante en poder de el\/la aspirante, deber\u00e1 observarse en perfecto estado y con todos los datos legibles, al igual que las firmas de las autoridades intervinientes, y deber\u00e1 ser una reproducci\u00f3n exacta del documento original.<\/p>\n<p style=\"font-weight: 400;\">La presentaci\u00f3n de los documentos reproducidos en formato digital se realizar\u00e1 bajo declaraci\u00f3n jurada, asumiendo el presentante la responsabilidad legal y administrativa respecto a la veracidad de la informaci\u00f3n y la autenticidad de los documentos originales en soporte papel que obra en su poder, conforme al modelo siguiente:\u00a0<em>\u201cDeclaro bajo juramento la veracidad de la informaci\u00f3n consignada y que los documentos acompa\u00f1ados son copia fiel del original en mi poder. En caso de no coincidir lo manifestado previamente con la informaci\u00f3n que obra en los registros de la Universidad Nacional de Mar del Plata, y\/o de las dependencias p\u00fablicas o privadas correspondientes, el presentante asume las responsabilidades legales y administrativas que pudieren derivar de su actuar\u201d<\/em>. Dicho texto se encuentra en el formulario de inscripci\u00f3n.<\/p>\n<p style=\"font-weight: 400;\"><strong>La documentaci\u00f3n deber\u00e1 enviarse por correo electr\u00f3nico e impreso con los siguientes instrumentos adjuntos, firmados y convertidos de WORD o JPG a PDF:<\/strong><\/p>\n<ol style=\"font-weight: 400;\">\n<li>Formulario de inscripci\u00f3n convertir de WORD a PDF\u00a0(click aqu\u00ed)<\/li>\n<li>Curr\u00edculum vitae de acuerdo al modelo, convertir de WORD a PDF\u00a0 \u00a0(click aqu\u00ed)<\/li>\n<li>Certificados mencionados escaneados y convertidos de JPG a PDF.<\/li>\n<li>Para cargo de Profesor Titular, si es con dedicaci\u00f3n mayor a la simple, de acuerdo con \u00a0el Estatuto de la Universidad Nacional de Mar del Plata, el aspirante debe contar con antecedentes en actividades en investigaci\u00f3n, extensi\u00f3n y\/o transferencia y\/o haber participado en gesti\u00f3n.<\/li>\n<li>Las publicaciones como autor o coautor, se deber\u00e1n certificar con la tapa del libro y los datos de la obra tales como ISBN, el \u00edndice del libro y en caso de ser libro digital adem\u00e1s el link; todo en formato PDF.<\/li>\n<li>Informe resumido de las tareas realizadas con anterioridad.<\/li>\n<li>Evaluaciones previas correspondientes al control de gesti\u00f3n\u00a0de la Carrera Docente, debidamente certificadas por autoridad\u00a0competente, donde consten adem\u00e1s las licencias prolongadas y sus causales. S\u00f3lo en el caso de evaluaciones de esta Facultad no se requerir\u00e1 certificaci\u00f3n.<\/li>\n<li>Referencias tales como opini\u00f3n de profesores\/as bajo los que actu\u00f3, investigadores\/as reconocidos\/as, empresas para las que realiz\u00f3 tareas de extensi\u00f3n, opini\u00f3n de sus superiores en cargos de gesti\u00f3n no electivos, opini\u00f3n de becarios\/as y\/o\u00a0tesistas a los\/as que dirigi\u00f3, opini\u00f3n de docentes auxiliares que actuaron bajo su mando y encuestas efectuadas a estudiantes a los\/as que dict\u00f3 asignaturas de grado, y cualquier otra referencia que considere pertinente.<\/li>\n<li>Informe pormenorizado de la actividad desarrollada en los cinco (5) \u00faltimos a\u00f1os en las actividades de docencia y\/o\u00a0investigaci\u00f3n y\/o extensi\u00f3n y\/o gesti\u00f3n, seg\u00fan corresponda.<\/li>\n<li>Todo otro elemento de juicio que se considere valioso. En todos los casos se deber\u00e1 mencionar el lugar y el lapso en que las actividades correspondientes fueron realizadas.<\/li>\n<li>Para el cargo de PROFESOR\/A TITULAR, deber\u00e1 presentar Plan de trabajo en docencia, y en las restantes actividades, que, en l\u00edneas generales, desarrollar\u00e1 en caso de obtener el cargo convertir de WORD a PDF.<\/li>\n<li>Para cargo de Profesor Titular con dedicaci\u00f3n mayor a la simple, de acuerdo con el Estatuto de la Universidad Nacional de Mar del Plata, el aspirante debe contar con antecedentes en actividades en investigaci\u00f3n, extensi\u00f3n y\/o transferencia y\/o haber participado en gesti\u00f3n.<\/li>\n<\/ol>\n<p style=\"font-weight: 400;\"><strong>TODA LA DOCUMENTACI\u00d3N MENCIONADA PARA LA INSCRIPCI\u00d3N, DEBER\u00c1 ENVIARSE POR EMAIL E IMPRESO, EN UN SOLO DOCUMENTO ADJUNTO EN FORMATO PDF (CV, CERTIFICADOS, INFORMES, REFERENCIAS, PLAN DE TRABAJO, ETC.).<\/strong><\/p>\n<h2><strong>REV\u00c1LIDAS PARA DOCENTES<\/strong><\/h2>\n<p>Los concursos para cargos docentes est\u00e1n reglamentados por la OCS N\u00ba 690\/93 y sus modificatorias y por la\u00a0<a href=\"http:\/\/www.mdp.edu.ar\/derecho\/docs\/OCA406.pdf\">OCA N\u00ba 406\/18.<\/a><\/p>\n<p>Para inscribirse en un concurso durante el plazo establecido en la ordenanza del llamado, mientras duren las medidas de aislamiento preventivo obligatorio, deber\u00e1 enviar por correo electr\u00f3nico a\u00a0<a href=\"mailto:concdere@gmail.com\u00a0\">concdere@gmail.com\u00a0<\/a>los siguientes instrumentos, FIRMADOS Y COMPLETADOS EN COMPUTADORA:<\/p>\n<ol>\n<li>FORMULARIO DE INSCRIPCI\u00d3N<\/li>\n<li>CURRICULUM VITAE<\/li>\n<li>Certificados mencionados escaneados y en formato PDF.<\/li>\n<li>PLAN DE TRABAJO DEL EQUIPO DOCENTE (Profesor Titular o Adjunto a cargo)<\/li>\n<li>INFORME DEL EQUIPO DOCENTE (Profesor Titular o Adjunto a cargo)<\/li>\n<li>AUTOINFORME DEL DOCENTE<\/li>\n<li>ENCUESTA ESTUDIANTIL<\/li>\n<\/ol>\n","protected":false},"excerpt":{"rendered":"<p>CONCURSOS Y REV\u00c1LIDAS INFORMES Personal administrativo\u00a0Sra. Nora Perales. Horario de atenci\u00f3n\u00a010 a 14 hs. Tel\u00e9fono\u00a0(0223) 491-1376 Email de contacto\u00a0concdere@gmail.com CONCURSOS PARA DOCENTES Los concursos para cargos docentes est\u00e1n reglamentados por la OCS N\u00ba 690\/93 y sus modificatorias y por la\u00a0OCA N\u00ba 406\/18. La presentaci\u00f3n de \u201csolicitudes de inscripci\u00f3n a concursos\u201d y documentaci\u00f3n prevista en las &hellip; <\/p>\n<p class=\"link-more\"><a href=\"https:\/\/derecho.mdp.edu.ar\/index.php\/docentes-concursos-y-revalidas\/\" class=\"more-link\">Segu\u00ed leyendo<span class=\"screen-reader-text\"> &#8220;Docentes &#8220;Concursos y Rev\u00e1lidas&#8221;&#8221;<\/span><\/a><\/p>\n","protected":false},"author":1,"featured_media":0,"parent":0,"menu_order":0,"comment_status":"closed","ping_status":"closed","template":"","meta":[],"_links":{"self":[{"href":"https:\/\/derecho.mdp.edu.ar\/index.php\/wp-json\/wp\/v2\/pages\/87"}],"collection":[{"href":"https:\/\/derecho.mdp.edu.ar\/index.php\/wp-json\/wp\/v2\/pages"}],"about":[{"href":"https:\/\/derecho.mdp.edu.ar\/index.php\/wp-json\/wp\/v2\/types\/page"}],"author":[{"embeddable":true,"href":"https:\/\/derecho.mdp.edu.ar\/index.php\/wp-json\/wp\/v2\/users\/1"}],"replies":[{"embeddable":true,"href":"https:\/\/derecho.mdp.edu.ar\/index.php\/wp-json\/wp\/v2\/comments?post=87"}],"version-history":[{"count":14,"href":"https:\/\/derecho.mdp.edu.ar\/index.php\/wp-json\/wp\/v2\/pages\/87\/revisions"}],"predecessor-version":[{"id":1759,"href":"https:\/\/derecho.mdp.edu.ar\/index.php\/wp-json\/wp\/v2\/pages\/87\/revisions\/1759"}],"wp:attachment":[{"href":"https:\/\/derecho.mdp.edu.ar\/index.php\/wp-json\/wp\/v2\/media?parent=87"}],"curies":[{"name":"wp","href":"https:\/\/api.w.org\/{rel}","templated":true}]}}