{"id":72,"date":"2019-06-12T18:37:19","date_gmt":"2019-06-12T21:37:19","guid":{"rendered":"http:\/\/www.mdp.edu.ar\/derecho\/derecho2019\/?page_id=72"},"modified":"2023-07-05T10:41:00","modified_gmt":"2023-07-05T13:41:00","slug":"martillero-corredor-publico-y-tasador-modalidad","status":"publish","type":"page","link":"https:\/\/derecho.mdp.edu.ar\/index.php\/martillero-corredor-publico-y-tasador-modalidad\/","title":{"rendered":"Martillero, Corredor P\u00fablico y Tasador &#8220;Modalidad&#8221;"},"content":{"rendered":"<p><strong>Modalidad:<\/strong>\u00a0Virtual,a trav\u00e9s del campus virtual.<\/p>\n<p><strong>Tutor\u00edas acad\u00e9micas:<\/strong><br \/>\n<strong>Presenciales:<\/strong>\u00a0en oportunidad de encuentros programados o jornadas de pr\u00e1ctica.<br \/>\n<strong>A distancia:<\/strong>\u00a0a trav\u00e9s de correo electr\u00f3nico, foros y chats, herramientas disponibles en el aula virtual de la carrera.<\/p>\n<p><strong>Tutor\u00edas pedag\u00f3gicas:<\/strong><br \/>\n<strong>A distancia:<\/strong>\u00a0a trav\u00e9s del campus virtual.<\/p>\n<p><strong>Materiales:<\/strong><br \/>\n<strong>M\u00f3dulos de asignatura:<\/strong>\u00a0material elaborado por los\/las docentes, especialmente para esta carrera, donde se desarrollar\u00e1n los contenidos m\u00ednimos, se detallar\u00e1n las actividades y trabajos de evaluaci\u00f3n y se dar\u00e1n orientaciones para el abordaje de los contenidos.<br \/>\n<strong>Lecturas obligatorias y complementarias:<\/strong>\u00a0disponibles en la biblioteca del aula virtual.<br \/>\n<strong>Materiales de apoyo:<\/strong>\u00a0recursos audiovisuales (gr\u00e1ficos, ilustraciones, videos, etc.) que se utilizar\u00e1n como complemento, punto de partida o s\u00edntesis, objeto de an\u00e1lisis en trabajos pr\u00e1cticos,etc.<\/p>\n<p><strong>Estrategias:<\/strong><br \/>\nLas asignaturas se cursan en el aula virtual, donde adem\u00e1s de disponer de los materiales de estudio, se puede acceder a la comunicaci\u00f3n con tutores y pares, a trav\u00e9s de distintas herramientas de comunicaci\u00f3n.<br \/>\nDesde el punto de vista pedag\u00f3gico-did\u00e1ctico, se promueven las actividades interactivas y de interacci\u00f3n grupal, a trav\u00e9s de foros y grupos colaborativos, generando una din\u00e1mica promotora de los aprendizajes de calidad.<br \/>\nLas actividades que se prev\u00e9n son variadas y est\u00e1n vinculadas con las caracter\u00edsticas de cada asignatura, privilegi\u00e1ndose las actividades que conduzcan al campo concreto de la actividad profesional: estudios de casos, an\u00e1lisis y elaboraci\u00f3n de documentaci\u00f3n, juegos de roles, etc.<\/p>\n<p><strong>Evaluaci\u00f3n:<\/strong><br \/>\n<strong>Aprobaci\u00f3n de cursada:<\/strong>\u00a0de acuerdo con las pautas y criterios de cada c\u00e1tedra en cada asignatura.<\/p>\n<p><strong>Examen final:<\/strong>\u00a0aprobada la cursada, los ex\u00e1menes finales se rendir\u00e1n en forma presencial en la Facultad de Derecho de la Universidad Nacional de Mar del Plata, de acuerdo con los turnos y calendarios que se definir\u00e1n y difundir\u00e1n para cada ciclo lectivo.<\/p>\n","protected":false},"excerpt":{"rendered":"<p>Modalidad:\u00a0Virtual,a trav\u00e9s del campus virtual. Tutor\u00edas acad\u00e9micas: Presenciales:\u00a0en oportunidad de encuentros programados o jornadas de pr\u00e1ctica. A distancia:\u00a0a trav\u00e9s de correo electr\u00f3nico, foros y chats, herramientas disponibles en el aula virtual de la carrera. Tutor\u00edas pedag\u00f3gicas: A distancia:\u00a0a trav\u00e9s del campus virtual. Materiales: M\u00f3dulos de asignatura:\u00a0material elaborado por los\/las docentes, especialmente para esta carrera, donde &hellip; <\/p>\n<p class=\"link-more\"><a href=\"https:\/\/derecho.mdp.edu.ar\/index.php\/martillero-corredor-publico-y-tasador-modalidad\/\" class=\"more-link\">Segu\u00ed leyendo<span class=\"screen-reader-text\"> &#8220;Martillero, Corredor P\u00fablico y Tasador &#8220;Modalidad&#8221;&#8221;<\/span><\/a><\/p>\n","protected":false},"author":1,"featured_media":0,"parent":0,"menu_order":0,"comment_status":"closed","ping_status":"closed","template":"","meta":[],"_links":{"self":[{"href":"https:\/\/derecho.mdp.edu.ar\/index.php\/wp-json\/wp\/v2\/pages\/72"}],"collection":[{"href":"https:\/\/derecho.mdp.edu.ar\/index.php\/wp-json\/wp\/v2\/pages"}],"about":[{"href":"https:\/\/derecho.mdp.edu.ar\/index.php\/wp-json\/wp\/v2\/types\/page"}],"author":[{"embeddable":true,"href":"https:\/\/derecho.mdp.edu.ar\/index.php\/wp-json\/wp\/v2\/users\/1"}],"replies":[{"embeddable":true,"href":"https:\/\/derecho.mdp.edu.ar\/index.php\/wp-json\/wp\/v2\/comments?post=72"}],"version-history":[{"count":3,"href":"https:\/\/derecho.mdp.edu.ar\/index.php\/wp-json\/wp\/v2\/pages\/72\/revisions"}],"predecessor-version":[{"id":1547,"href":"https:\/\/derecho.mdp.edu.ar\/index.php\/wp-json\/wp\/v2\/pages\/72\/revisions\/1547"}],"wp:attachment":[{"href":"https:\/\/derecho.mdp.edu.ar\/index.php\/wp-json\/wp\/v2\/media?parent=72"}],"curies":[{"name":"wp","href":"https:\/\/api.w.org\/{rel}","templated":true}]}}