{"id":70,"date":"2019-06-12T18:37:17","date_gmt":"2019-06-12T21:37:17","guid":{"rendered":"http:\/\/www.mdp.edu.ar\/derecho\/derecho2019\/?page_id=70"},"modified":"2025-06-13T10:45:10","modified_gmt":"2025-06-13T13:45:10","slug":"martillero-corredor-publico-y-tasador-requisitos","status":"publish","type":"page","link":"https:\/\/derecho.mdp.edu.ar\/index.php\/martillero-corredor-publico-y-tasador-requisitos\/","title":{"rendered":"Martillero, Corredor P\u00fablico y Tasador &#8220;Requisitos&#8221;"},"content":{"rendered":"<p><strong>Aspirantes a ingresar a la carrera con t\u00edtulo secundario completo:<\/strong><\/p>\n<p><strong>Documentaci\u00f3n a presentar:<\/strong><br \/>\nT\u00edtulo secundario <strong>legalizado o equivalente**<\/strong> (archivo digitalizado .pdf)<br \/>\nD.N.I. <strong>argentino o equivalente*<\/strong> (archivo digitalizado .pdf)<\/p>\n<p>Un correo electr\u00f3nico al cual puedas acceder (porque todas las notificaciones se har\u00e1n al correo electr\u00f3nico declarado). Se sugiere usar el dominio gmail.com para evitar problemas en la recepci\u00f3n de las comunicaciones.<\/p>\n<p>Formulario de inscripci\u00f3n completo y descargado (lo genera el sistema y se descarga en formato .pdf, s\u00f3lo se descarga cuando complet\u00e1s todos los campos obligatorios y descargarlo es un requisito para finalizar el tr\u00e1mite).<\/p>\n<p>Si ven\u00eds de un pa\u00eds no hispanohablante, certificaci\u00f3n de idioma espa\u00f1ol emitido por organismo competente <strong>(CELU o similar nivel B1).***<\/strong><\/p>\n<p><strong>*<\/strong> El DNI argentino no debe estar vencido; el Documento del pa\u00eds de origen debe estar acompa\u00f1ado por la residencia otorgada por Migraciones (ver \u201cInstructivo para aspirantes\u201d).<br \/>\n<strong>**<\/strong>En caso de T\u00edtulo Secundario emitido por pa\u00eds extranjero, la legalizaci\u00f3n requiere la convalidaci\u00f3n con el\u00a0Secretar\u00eda de Educaci\u00f3n de la Rep\u00fablica Argentina.<br \/>\n<strong>***<\/strong>Tendr\u00e1s tiempo hasta el inicio de cursada de la primera materia o ciclo inicial para presentarlo.<\/p>\n<p><strong>Mayores de 25 a\u00f1os con estudios secundarios incompletos:<\/strong><\/p>\n<p>Podr\u00e1n inscribirse a partir de la cohorte 2010. A continuaci\u00f3n, se detallan los requisitos que deben cumplirse.<br \/>\nEl art\u00edculo 7\u00b0 de la Ley 24.521 establece con car\u00e1cter de excepci\u00f3n la inscripci\u00f3n a la universidad para mayores de 25 a\u00f1os, argentinos\/as sin t\u00edtulos secundarios, siempre que, a trav\u00e9s de evaluaciones, demuestren que tienen preparaci\u00f3n y\/o experiencia laboral acordes con los estudios que se proponen encarar, as\u00ed como aptitudes y conocimientos suficientes para cursarlos satisfactoriamente.<\/p>\n<p><strong>Documentaci\u00f3n a presentar:<\/strong><br \/>\n1) Tener 25 a\u00f1os cumplidos al momento de la preinscripci\u00f3n.<br \/>\n2) Certificado de estudios primarios completos, legalizado por el Ministerio del Interior (original y fotocopia) o certificado de estudios secundarios incompletos, legalizado por el Ministerio del Interior (original y fotocopia).<br \/>\n4) D.N.I. (original y fotocopia).<br \/>\n5) Acreditar fehacientemente poseer preparaci\u00f3n espec\u00edfica y\/o experiencia laboral relacionada con la carrera (Curr\u00edculum Vitae).<\/p>\n<p><a href=\"http:\/\/digesto.mdp.edu.ar\/archivos\/57018.pdf\" target=\"_blank\" rel=\"noopener\"><strong>Anexo IV de la Ordenanza de Consejo Superior N\u00ba92\/2022<\/strong><\/a><\/p>\n","protected":false},"excerpt":{"rendered":"<p>Aspirantes a ingresar a la carrera con t\u00edtulo secundario completo: Documentaci\u00f3n a presentar: T\u00edtulo secundario legalizado o equivalente** (archivo digitalizado .pdf) D.N.I. argentino o equivalente* (archivo digitalizado .pdf) Un correo electr\u00f3nico al cual puedas acceder (porque todas las notificaciones se har\u00e1n al correo electr\u00f3nico declarado). Se sugiere usar el dominio gmail.com para evitar problemas en &hellip; <\/p>\n<p class=\"link-more\"><a href=\"https:\/\/derecho.mdp.edu.ar\/index.php\/martillero-corredor-publico-y-tasador-requisitos\/\" class=\"more-link\">Segu\u00ed leyendo<span class=\"screen-reader-text\"> &#8220;Martillero, Corredor P\u00fablico y Tasador &#8220;Requisitos&#8221;&#8221;<\/span><\/a><\/p>\n","protected":false},"author":1,"featured_media":0,"parent":0,"menu_order":0,"comment_status":"closed","ping_status":"closed","template":"","meta":[],"_links":{"self":[{"href":"https:\/\/derecho.mdp.edu.ar\/index.php\/wp-json\/wp\/v2\/pages\/70"}],"collection":[{"href":"https:\/\/derecho.mdp.edu.ar\/index.php\/wp-json\/wp\/v2\/pages"}],"about":[{"href":"https:\/\/derecho.mdp.edu.ar\/index.php\/wp-json\/wp\/v2\/types\/page"}],"author":[{"embeddable":true,"href":"https:\/\/derecho.mdp.edu.ar\/index.php\/wp-json\/wp\/v2\/users\/1"}],"replies":[{"embeddable":true,"href":"https:\/\/derecho.mdp.edu.ar\/index.php\/wp-json\/wp\/v2\/comments?post=70"}],"version-history":[{"count":3,"href":"https:\/\/derecho.mdp.edu.ar\/index.php\/wp-json\/wp\/v2\/pages\/70\/revisions"}],"predecessor-version":[{"id":1843,"href":"https:\/\/derecho.mdp.edu.ar\/index.php\/wp-json\/wp\/v2\/pages\/70\/revisions\/1843"}],"wp:attachment":[{"href":"https:\/\/derecho.mdp.edu.ar\/index.php\/wp-json\/wp\/v2\/media?parent=70"}],"curies":[{"name":"wp","href":"https:\/\/api.w.org\/{rel}","templated":true}]}}