{"id":670,"date":"2019-10-29T21:08:57","date_gmt":"2019-10-30T00:08:57","guid":{"rendered":"http:\/\/www.mdp.edu.ar\/derecho\/derecho2019\/?page_id=670"},"modified":"2024-08-27T11:14:50","modified_gmt":"2024-08-27T14:14:50","slug":"concursos","status":"publish","type":"page","link":"https:\/\/derecho.mdp.edu.ar\/index.php\/concursos\/","title":{"rendered":"Concursos"},"content":{"rendered":"<h1>CONCURSO P\u00daBLICO DE OPOSICI\u00d3N Y\u00a0ANTECEDENTES<\/h1>\n<p style=\"font-weight: 400;\"><strong>INFORMES E INSCRIPCI\u00d3N:<\/strong> Sra. Nora B. Perales<br \/>\n8\u00ba piso de la Facultad de Derecho UNMDP \u2013 de 10 a 14 hs.<br \/>\nconcdere@mdp.edu.ar\u00a0con copia a\u00a0concdere@gmail.com<\/p>\n<p style=\"font-weight: 400;\">IMPORTANTE: USTED QUEDA INSCRIPTO\/A UNA VEZ RECIBIDO EL COMPROBANTE DE INSCRIPCI\u00d3N, DE LO CONTRARIO COMUN\u00cdQUESE NUEVAMENTE POR GMAIL, EL \u00daLTIMO D\u00cdA DE VENCIMIENTO DEL PLAZO.<\/p>\n<p style=\"font-weight: 400;\"><strong>REQUISITOS: <\/strong><\/p>\n<p style=\"font-weight: 400;\">a) Ser alumno activo de la Universidad (Facultad de Derecho), b) tener un m\u00ednimo de un a\u00f1o de antig\u00fcedad en esa situaci\u00f3n y c) haber aprobado la asignatura en la cual presentar\u00e1.<\/p>\n<p style=\"font-weight: 400;\">La documentaci\u00f3n requerida es la siguiente:<br \/>\n1. Formulario de inscripci\u00f3n con foto y firma (solicitarlo por email a\u00a0\u00a0concdere@mdp.edu.ar (con copia a concdere@gmail.com)<br \/>\n2. Copia de Documento de identidad,<br \/>\n3. Certificado de alumno\/a activo\/a,<br \/>\n4. Anal\u00edtico parcial<br \/>\n5. Antecedentes pertinentes al cargo a concursar (no excluyente)<\/p>\n<p style=\"font-weight: 400;\">La presentaci\u00f3n es la siguiente:<br \/>\n1.- La documentaci\u00f3n mencionada en los \u00edtems del 1 al 5, deber\u00e1<br \/>\nenviarse en ese orden, por email a \u00a0concdere@mdp.edu.ar (con copia a concdere@gmail.com) en UN PDF, mencionando en el ASUNTO del correo, el concurso correspondiente a la asignatura o asignaturas.<br \/>\n2.- Una copia de la documentaci\u00f3n enviada por email, deber\u00e1 ser presentada el d\u00eda de la sustanciaci\u00f3n del concurso, en papel impreso, en el orden que se menciona en los \u00edtems del 1 al 5.<\/p>\n<p style=\"font-weight: 400;\">\n","protected":false},"excerpt":{"rendered":"<p>CONCURSO P\u00daBLICO DE OPOSICI\u00d3N Y\u00a0ANTECEDENTES INFORMES E INSCRIPCI\u00d3N: Sra. Nora B. Perales 8\u00ba piso de la Facultad de Derecho UNMDP \u2013 de 10 a 14 hs. concdere@mdp.edu.ar\u00a0con copia a\u00a0concdere@gmail.com IMPORTANTE: USTED QUEDA INSCRIPTO\/A UNA VEZ RECIBIDO EL COMPROBANTE DE INSCRIPCI\u00d3N, DE LO CONTRARIO COMUN\u00cdQUESE NUEVAMENTE POR GMAIL, EL \u00daLTIMO D\u00cdA DE VENCIMIENTO DEL PLAZO. REQUISITOS: &hellip; <\/p>\n<p class=\"link-more\"><a href=\"https:\/\/derecho.mdp.edu.ar\/index.php\/concursos\/\" class=\"more-link\">Segu\u00ed leyendo<span class=\"screen-reader-text\"> &#8220;Concursos&#8221;<\/span><\/a><\/p>\n","protected":false},"author":1,"featured_media":0,"parent":0,"menu_order":0,"comment_status":"closed","ping_status":"closed","template":"","meta":[],"_links":{"self":[{"href":"https:\/\/derecho.mdp.edu.ar\/index.php\/wp-json\/wp\/v2\/pages\/670"}],"collection":[{"href":"https:\/\/derecho.mdp.edu.ar\/index.php\/wp-json\/wp\/v2\/pages"}],"about":[{"href":"https:\/\/derecho.mdp.edu.ar\/index.php\/wp-json\/wp\/v2\/types\/page"}],"author":[{"embeddable":true,"href":"https:\/\/derecho.mdp.edu.ar\/index.php\/wp-json\/wp\/v2\/users\/1"}],"replies":[{"embeddable":true,"href":"https:\/\/derecho.mdp.edu.ar\/index.php\/wp-json\/wp\/v2\/comments?post=670"}],"version-history":[{"count":13,"href":"https:\/\/derecho.mdp.edu.ar\/index.php\/wp-json\/wp\/v2\/pages\/670\/revisions"}],"predecessor-version":[{"id":1758,"href":"https:\/\/derecho.mdp.edu.ar\/index.php\/wp-json\/wp\/v2\/pages\/670\/revisions\/1758"}],"wp:attachment":[{"href":"https:\/\/derecho.mdp.edu.ar\/index.php\/wp-json\/wp\/v2\/media?parent=670"}],"curies":[{"name":"wp","href":"https:\/\/api.w.org\/{rel}","templated":true}]}}