{"id":36,"date":"2019-06-11T19:36:20","date_gmt":"2019-06-11T22:36:20","guid":{"rendered":"http:\/\/www.mdp.edu.ar\/derecho\/derecho2019\/?page_id=36"},"modified":"2025-06-26T12:08:52","modified_gmt":"2025-06-26T15:08:52","slug":"abogacia-inscripcion","status":"publish","type":"page","link":"https:\/\/derecho.mdp.edu.ar\/index.php\/abogacia-inscripcion\/","title":{"rendered":"Abogac\u00eda Inscripci\u00f3n"},"content":{"rendered":"<p><strong>Deber\u00e1s completar el Formulario de Inscripci\u00f3n a trav\u00e9s del SIU Guaran\u00ed. El procedimiento es de car\u00e1cter virtual, a trav\u00e9s de la Ventanilla Virtual del \u00c1rea de Ingreso de la Universidad.<\/strong><\/p>\n<p><mark>Ser\u00e1 muy importante que leas atentamente cada uno de los pasos que se indican a continuaci\u00f3n y que, de ser posible, realices el proceso de preincripci\u00f3n desde una PC.<\/mark><\/p>\n<p>Antes de comenzar\u00a0<mark>es importante que ya cuentes con una cuenta personal de correo electr\u00f3nico que se encuentre activa ya que en\u00a0esa direcci\u00f3n vas a recibir la informaci\u00f3n para finalizar el proceso<\/mark>. Si hace mucho que no ingresas a tu correo electr\u00f3nico verifica que puedas ingresar y que la cuenta existe.<\/p>\n<h4>Paso 1<\/h4>\n<p>Acced\u00e9 al\u00a0<a href=\"https:\/\/portalsiu.mdp.edu.ar\/\"><strong>FORMULARIO DE PRE-INSCRIPCI\u00d3N<\/strong><\/a>\u00a0que se habilitar\u00e1 en el per\u00edodo de inscripci\u00f3n. Ingres\u00e1 en la opci\u00f3n\u00a0<strong>USUARIO NUEVO EN EL SISTEMA<\/strong>\u00a0y registrate. Abr\u00ed tu e-mail , busc\u00e1 el correo que te envi\u00f3 el sistema y confirmalo haciendo click en el link que recibiste.<\/p>\n<p>* Es importante que revises la carpeta de correo no deseado o spam.<\/p>\n<h4>Paso 2<\/h4>\n<p>Complet\u00e1 el Formulario de Preinscripci\u00f3n y al momento de imprimirlo el sistema genera el archivo PDF que deber\u00e1s descargar.<\/p>\n<p>En la solapa\u00a0<strong>documentaci\u00f3n<\/strong>\u00a0de la preinscripci\u00f3n subir los siguientes archivos digitales:<\/p>\n<p><strong>1\/ DNI**<\/strong>\u00a0(escaneado de ambos lados)<\/p>\n<p><strong>2\/ T\u00edtulo Secundario, Certificado de T\u00edtulo en tr\u00e1mite o Certificado de alumno regular<\/strong>\u00a0si est\u00e1s en el \u00faltimo a\u00f1o del secundario.<\/p>\n<p>*El \u00fanico formato digital admitido es el PDF.<\/p>\n<p>**IMPORTANTE\/ Si el nombre consignado en tu DNI no se corresponde con tu identidad autopercibida y no has realizado la rectificaci\u00f3n registral, te solicitamos que adjuntes la presente\u00a0<a href=\"https:\/\/www.mdp.edu.ar\/attachments\/category\/9\/NotaModelo-LeyIdentidad.doc\" target=\"_blank\" rel=\"noopener noreferrer\">nota de confirmaci\u00f3n de datos junto a tu DNI en el mismo archivo PDF (DESCARG\u00c1 LA NOTA MODELO)<\/a>.<\/p>\n<p><strong>Si los pasos 1 y 2 fueron realizados de forma correcta, no ten\u00e9s que hacer nada m\u00e1s.<\/strong><\/p>\n<p>Despu\u00e9s de algunos d\u00edas vas a poder verificar en el sistema el Estado de tu Tr\u00e1mite de Inscripci\u00f3n (<a href=\"https:\/\/portalsiu.mdp.edu.ar\/precc\/\">seguimiento aqu\u00ed<\/a>). Record\u00e1 que el procesamiento de la documentaci\u00f3n no es autom\u00e1tico, el tiempo depender\u00e1 de la demanda que tiene la carrera y de las diferentes Unidades Acad\u00e9micas.<\/p>\n<div>\n<h4>Si necesitas comunicarte con el \u00e1rea de ingreso hacelo por mail. Para agilizar la consulta, te pedimos que te identifiques con apellido y nombres completo, n\u00famero de DNI y carrera sobre la cual consult\u00e1s.<\/h4>\n<h4><a href=\"mailto:ingresofacultadderecho@mdp.edu.ar\" target=\"_blank\" rel=\"noopener\">ingresofacultadderecho@mdp.edu.ar<\/a><\/h4>\n<h4>* Envia tu consulta s\u00f3lo a uno de estos mails, no dupliques. Es importante que consultes siempre la carpeta de correo no deseado o spam.<\/h4>\n<\/div>\n<h5>Si sos extranjero\/a, y quer\u00e9s venir a estudiar a la UNMDP alguna carrera de grado o pregrado, este es nuestro mail de contacto:<\/h5>\n<h4><span id=\"cloakec97c8ff9db40fbd2813fe3403418d27\"><a href=\"mailto:aspirantesextranjeros@mdp.edu.ar\">aspirantesextranjeros@mdp.edu.ar<\/a><\/span><\/h4>\n<h5>Si sos mayor de 25 a\u00f1os sin estudios secundarios, y quer\u00e9s ingresar a la UNMDP mediante el art.7 de la Ley de Educaci\u00f3n Superior, este es nuestro mail de contacto:<\/h5>\n<h4><span id=\"cloak87d1248ffd370fa4fedc73e73cc95c87\"><a href=\"mailto:aspirantesmayoresde25@mdp.edu.ar\">aspirantesmayoresde25@mdp.edu.ar<\/a><\/span><\/h4>\n","protected":false},"excerpt":{"rendered":"<p>Deber\u00e1s completar el Formulario de Inscripci\u00f3n a trav\u00e9s del SIU Guaran\u00ed. El procedimiento es de car\u00e1cter virtual, a trav\u00e9s de la Ventanilla Virtual del \u00c1rea de Ingreso de la Universidad. Ser\u00e1 muy importante que leas atentamente cada uno de los pasos que se indican a continuaci\u00f3n y que, de ser posible, realices el proceso de &hellip; <\/p>\n<p class=\"link-more\"><a href=\"https:\/\/derecho.mdp.edu.ar\/index.php\/abogacia-inscripcion\/\" class=\"more-link\">Segu\u00ed leyendo<span class=\"screen-reader-text\"> &#8220;Abogac\u00eda Inscripci\u00f3n&#8221;<\/span><\/a><\/p>\n","protected":false},"author":1,"featured_media":0,"parent":0,"menu_order":0,"comment_status":"closed","ping_status":"closed","template":"","meta":[],"_links":{"self":[{"href":"https:\/\/derecho.mdp.edu.ar\/index.php\/wp-json\/wp\/v2\/pages\/36"}],"collection":[{"href":"https:\/\/derecho.mdp.edu.ar\/index.php\/wp-json\/wp\/v2\/pages"}],"about":[{"href":"https:\/\/derecho.mdp.edu.ar\/index.php\/wp-json\/wp\/v2\/types\/page"}],"author":[{"embeddable":true,"href":"https:\/\/derecho.mdp.edu.ar\/index.php\/wp-json\/wp\/v2\/users\/1"}],"replies":[{"embeddable":true,"href":"https:\/\/derecho.mdp.edu.ar\/index.php\/wp-json\/wp\/v2\/comments?post=36"}],"version-history":[{"count":20,"href":"https:\/\/derecho.mdp.edu.ar\/index.php\/wp-json\/wp\/v2\/pages\/36\/revisions"}],"predecessor-version":[{"id":1846,"href":"https:\/\/derecho.mdp.edu.ar\/index.php\/wp-json\/wp\/v2\/pages\/36\/revisions\/1846"}],"wp:attachment":[{"href":"https:\/\/derecho.mdp.edu.ar\/index.php\/wp-json\/wp\/v2\/media?parent=36"}],"curies":[{"name":"wp","href":"https:\/\/api.w.org\/{rel}","templated":true}]}}