{"id":217,"date":"2019-06-12T19:10:40","date_gmt":"2019-06-12T22:10:40","guid":{"rendered":"http:\/\/www.mdp.edu.ar\/derecho\/derecho2019\/?page_id=217"},"modified":"2019-06-13T02:24:27","modified_gmt":"2019-06-13T05:24:27","slug":"extension-becas","status":"publish","type":"page","link":"https:\/\/derecho.mdp.edu.ar\/index.php\/extension-becas\/","title":{"rendered":"Extensi\u00f3n &#8220;Becas&#8221;"},"content":{"rendered":"<h1>Becas<\/h1>\n<p>Las becas en la Universidad Nacional de Mar del Plata tienen como objetivo propender a la mejor calidad de vida de los y las estudiantes y generar un perfil solidario y din\u00e1mico; de all\u00ed\u00a0 la creaci\u00f3n de un sistema de ayuda que sirva como base para el desarrollo integral, con un permanente v\u00ednculo entre la sociedad y la UNMdP.<\/p>\n<h2>Becas de la UNMdP<\/h2>\n<p><span style=\"font-weight: 400;\">Esta Universidad otorga BECAS para aquellos\/as estudiantes que presenten situaciones socio econ\u00f3mico desfavorables \u00a0<\/span><span style=\"font-weight: 400;\">(<\/span><a style=\"font-weight: 400;\" href=\"http:\/\/www.mdp.edu.ar\/attachments\/category\/515\/Reglamento-de%20-becas.doc\">Descargar Reglamento de Becas<\/a><span style=\"font-weight: 400;\">\u00a0y\u00a0<\/span><a style=\"font-weight: 400;\" href=\"http:\/\/www.mdp.edu.ar\/images\/social\/OCA_1017_-_26_de_oct._2010.pdf\">Modificatoria 2010<\/a><span style=\"font-weight: 400;\">)\u00a0<\/span><\/p>\n<p style=\"font-weight: 400;\"><span style=\"font-style: inherit;\"><strong>Tipos de Becas:<\/strong><\/span><\/p>\n<p style=\"font-weight: 400;\"><strong>Ayuda Econ\u00f3mica:<\/strong>\u00a0Consiste en el pago de 10 cuotas de dinero, que se efect\u00faa mes a mes.<\/p>\n<p style=\"font-weight: 400;\"><strong>Ayuda Econ\u00f3mica que premia el Rendimiento\u00a0 Acad\u00e9mico:<\/strong>\u00a0Premia los rendimientos acad\u00e9micos universitarios m\u00e1s elevados, dentro de situaciones socio econ\u00f3mico desfavorables. Los postulantes deben tener el 60% de su carrera universitaria aprobada.\u00a0 Consiste en un pago\u00a0 \u00fanico anual.<\/p>\n<p style=\"font-weight: 400;\"><strong>Beca de Apuntes:\u00a0<\/strong>Consiste en la cobertura parcial o total del material de estudios fotocopiado que solicitan las c\u00e1tedras.<\/p>\n<p style=\"font-weight: 400;\"><strong>Beca Comedor Universitario:<\/strong>\u00a0Consiste en la cobertura del costo de una comida diaria en el Comedor Universitario.<\/p>\n<p style=\"font-weight: 400;\"><strong style=\"font-weight: 400;\"><span style=\"font-style: inherit;\">FECHAS DE INSCRIPCI\u00d3N UNMdP<\/span><br \/>\n<\/strong><span style=\"font-style: inherit;\">Hay dos llamados a inscripci\u00f3n en el a\u00f1o:<\/span><br \/>\n<strong style=\"font-weight: 400;\">15 al 31 de marzo: Exclusivamente para ingresantes.<\/strong><br \/>\n<span style=\"font-style: inherit;\">(Las becas se otorgan dentro del mismo a\u00f1o de inscripci\u00f3n.)<\/span><br \/>\n<strong style=\"font-weight: 400;\">01 al\u00a0 31 Agosto de cada a\u00f1o<\/strong><span style=\"font-style: inherit;\">:<\/span><strong style=\"font-weight: 400;\">\u00a0Para todos los estudiantes activos.<\/strong><br \/>\n<span style=\"font-style: inherit;\">(Las becas son asignadas al inicio del\u00a0 siguiente a\u00f1o.)<\/span><\/p>\n<p><span style=\"font-style: inherit;\">M\u00e1s informaci\u00f3n <a href=\"http:\/\/www.mdp.edu.ar\/index.php\/bienestar\/servicio-social-universitario\/becas-de-grado\/becas-unmdp\">aqu\u00ed<\/a>.<\/span><\/p>\n<h2>Becas PROGRESAR<\/h2>\n<p>M\u00e1s informaci\u00f3n <a href=\"http:\/\/becasprogresar.educacion.gob.ar\/\">aqu\u00ed<\/a>.<\/p>\n<div>El Ministerio de Educaci\u00f3n es quien efect\u00faa la Evaluaci\u00f3n y aprueba beneficiarios.\u00a0La UNMdP difunde los mencionados beneficios que posibilitan a los interesados el acceso y la permanencia en el sistema universitario.<\/div>\n<div><\/div>\n<p>En caso de haber solicitado la Beca Progresar y la beca de Ayuda Econ\u00f3mica que otorga la UNMDP, deber\u00e1n optar por uno de ellos, para lo cual deber\u00e1n presentarse en las oficinas de la UNMdP.<\/p>\n<h2>CILSA &#8220;ONG por la inclusi\u00f3n&#8221;<\/h2>\n<div>Desde el Programa de Discapacidad y Equiparaci\u00f3n de Oportunidades, dependiente de la Secretaria de Bienestarde la UNMdP, se llevan diversos trabajos en conjunto con CILSA, entre ellos, se otorgan Becas a personas con discapacidad.\u00a0 El mencionado programa se halla a cargo de la Lic Stella Maris Minieri.<\/div>\n<div><\/div>\n<div>Mail de contacto:\u00a0<span id=\"cloak38893\"><a href=\"mailto:discapacidad@mdp.edu.ar\">discapacidad@mdp.edu.ar<\/a><\/span><\/div>\n<div><\/div>\n<div>El Servicio Social coordina acciones con otras instituciones, las cuales, a partir de sus recursos brindan Becas a sectores espec\u00edficos de la Comunidad estudiantil, entre ellas:<\/div>\n<ul>\n<li>BECAS TECHINT (Fundaci\u00f3n Rocca)<\/li>\n<li>Fundaci\u00f3n D\u00edaz V\u00e9lez<\/li>\n<li>BAPRO<\/li>\n<\/ul>\n<p>&nbsp;<\/p>\n","protected":false},"excerpt":{"rendered":"<p>Becas Las becas en la Universidad Nacional de Mar del Plata tienen como objetivo propender a la mejor calidad de vida de los y las estudiantes y generar un perfil solidario y din\u00e1mico; de all\u00ed\u00a0 la creaci\u00f3n de un sistema de ayuda que sirva como base para el desarrollo integral, con un permanente v\u00ednculo entre &hellip; <\/p>\n<p class=\"link-more\"><a href=\"https:\/\/derecho.mdp.edu.ar\/index.php\/extension-becas\/\" class=\"more-link\">Segu\u00ed leyendo<span class=\"screen-reader-text\"> &#8220;Extensi\u00f3n &#8220;Becas&#8221;&#8221;<\/span><\/a><\/p>\n","protected":false},"author":1,"featured_media":0,"parent":0,"menu_order":0,"comment_status":"closed","ping_status":"closed","template":"","meta":[],"_links":{"self":[{"href":"https:\/\/derecho.mdp.edu.ar\/index.php\/wp-json\/wp\/v2\/pages\/217"}],"collection":[{"href":"https:\/\/derecho.mdp.edu.ar\/index.php\/wp-json\/wp\/v2\/pages"}],"about":[{"href":"https:\/\/derecho.mdp.edu.ar\/index.php\/wp-json\/wp\/v2\/types\/page"}],"author":[{"embeddable":true,"href":"https:\/\/derecho.mdp.edu.ar\/index.php\/wp-json\/wp\/v2\/users\/1"}],"replies":[{"embeddable":true,"href":"https:\/\/derecho.mdp.edu.ar\/index.php\/wp-json\/wp\/v2\/comments?post=217"}],"version-history":[{"count":4,"href":"https:\/\/derecho.mdp.edu.ar\/index.php\/wp-json\/wp\/v2\/pages\/217\/revisions"}],"predecessor-version":[{"id":227,"href":"https:\/\/derecho.mdp.edu.ar\/index.php\/wp-json\/wp\/v2\/pages\/217\/revisions\/227"}],"wp:attachment":[{"href":"https:\/\/derecho.mdp.edu.ar\/index.php\/wp-json\/wp\/v2\/media?parent=217"}],"curies":[{"name":"wp","href":"https:\/\/api.w.org\/{rel}","templated":true}]}}