{"id":215,"date":"2019-06-12T18:03:58","date_gmt":"2019-06-12T21:03:58","guid":{"rendered":"http:\/\/www.mdp.edu.ar\/derecho\/derecho2019\/?page_id=215"},"modified":"2020-04-06T15:12:13","modified_gmt":"2020-04-06T18:12:13","slug":"preguntas-frecuentes","status":"publish","type":"page","link":"https:\/\/derecho.mdp.edu.ar\/index.php\/preguntas-frecuentes\/","title":{"rendered":"Preguntas Frecuentes"},"content":{"rendered":"<h2>\u00bfD\u00f3nde queda nuestra Facultad de Derecho?<\/h2>\n<p>Se ubica en calle 25 de Mayo 2865, Mar del Plata, Buenos Aires, Argentina.<\/p>\n<h2>\u00bfEn qu\u00e9 horario abre Departamento Alumnos?<\/h2>\n<p>El Departamento Alumnos se encuentra en el primer piso de la Facultad de Derecho, abierto de Lunes a Viernes de 10.00 a 12.00 hs y de 14.00 a 16.00 hs.<\/p>\n<h2>\u00bfEn qu\u00e9 horario abre la Biblioteca de la Facultad?<\/h2>\n<p>Nuestra biblioteca se encuentra en el tercer piso y abre de 8.00 a 20.00 hs, de Lunes a Viernes.<\/p>\n<h2>\u00bfEn qu\u00e9 horario abre la Biblioteca Central?<\/h2>\n<p>La biblioteca se encuentra en el Complejo Universitario, y abre de Lunes a Viernes, de 7.30 a 20 hs. (Rodriguez Pe\u00f1a 4046)<\/p>\n<h2>\u00bfQu\u00e9 es el SIU Guaran\u00ed?<\/h2>\n<p>El SIU Guaran\u00ed es el sistema inform\u00e1tico universitario que registra y administra todas las actividades acad\u00e9micas de la Universidad y nuestra Facultad. Fue concebido para administrar la gesti\u00f3n de alumnos en forma segura. Permite Inscribirte a materias y ex\u00e1menes, consultar tu historia acad\u00e9mica, actualizar tus datos personales, consultar las regularidades del cursado y reinscribirte anualmente.<\/p>\n<h2>\u00bfEn qu\u00e9 fechas me tengo que anotar a las cursadas?<\/h2>\n<p>Las fechas son aprobadas por el Consejo Acad\u00e9mico y se determinan al inicio de cada Ciclo Lectivo.<\/p>\n<h2>\u00bfQui\u00e9n es la Asistente Social de esta Facultad?<\/h2>\n<p>La asistente social de la Facultad es la Licenciada Lorena Boada, la pod\u00e9s encontrar todos los jueves de 8.00 a 12.00 am en el quinto piso de la Facultad de Derecho.<\/p>\n<h2>\u00bfD\u00f3nde me tengo que anotar para comer en el Comedor Universitario?<\/h2>\n<p>Para comer en el Comedor Universitario deber\u00e1s obtener un carnet presentando tu certificado de alumno regular. Nuestro Comedor se encuentra en la Facultad de Derecho de la UNMdP (25 de mayo 2855).<\/p>\n<h2>\u00bfCu\u00e1ntas materias optativas son requeridas conforme al plan de estudios de 1988\/93 de la carrera de Abogac\u00eda?<\/h2>\n<p>Las materias optativas requeridas son tres. De las cuales, dos deben pertenecer a un mismo \u00e1rea y la tercera puede pertenecer a otra.<\/p>\n<h2>\u00bfSe puede hacer como cuarta materia?<\/h2>\n<p>S\u00ed, la inscripci\u00f3n a ella es por planilla durante la semana de inscripci\u00f3n en el \u00c1rea de Divisi\u00f3n Alumnos.<\/p>\n<h2>\u00bfCu\u00e1l es el n\u00famero del Centro de Estudiantes y en qu\u00e9 horarios funciona?<\/h2>\n<p>El Centro de Estudiantes abre de Lunes a Viernes, de 8.00 a 20.00 hs y el n\u00famero de contacto es (0223) 491-8604.<\/p>\n<h2>\u00bfEn qu\u00e9 horario abre la fotocopiadora y qu\u00e9 d\u00edas?<\/h2>\n<p>La fotocopiadora abre de Lunes a Viernes de 9.00 a 20.00 hs.<\/p>\n<h2>\u00bfCu\u00e1l es la p\u00e1gina donde puedo visualizar el aula en la que curso?<\/h2>\n<p>Podr\u00e1s conocer el aula en la que curs\u00e1s ingresando a www.mdp.edu.ar\/derecho\/aulas<\/p>\n<h2>\u00bfC\u00f3mo puedo participar de proyectos de extensi\u00f3n?<\/h2>\n<p>Pod\u00e9s consultarlo en la Secretar\u00eda de Extensi\u00f3n, que se encuentra en el tercer piso de la Facultad, de Lunes a Viernes en el horario de 10.00 a 16.00 hs.<\/p>\n<h2>\u00bfC\u00f3mo puedo anotarme en pasant\u00edas?<\/h2>\n<p>Las inscripciones se realizan por planilla en la Secretar\u00eda de Extensi\u00f3n. Hay dos oportunidades para inscribirse en el a\u00f1o: marzo y agosto. Los requisitos para inscribirse son: certificado de alumno regular, planilla completa y anal\u00edtico parcial firmado por Departamento Alumnos.<\/p>\n<h2>\u00bfPuedo cargar mi SUBE en la Facultad?<\/h2>\n<p>La Facultad dispone de una \u201cterminal de SUBE\u201d en la cual podr\u00e1s consultar tu saldo y validar el pago realizado con tu tarjeta de d\u00e9bito de forma online. No podr\u00e1s cargar la SUBE con efectivo.<\/p>\n<h2>\u00bfC\u00f3mo puedo y hasta qu\u00e9 fecha puedo inscribirme en la carrera de abogac\u00eda?<\/h2>\n<p>De agosto a noviembre incluido de cada a\u00f1o podr\u00e1s inscribirte en la carrera ingresando a www.mdp.edu.ar.<\/p>\n<h2>\u00bfQu\u00e9 documentaci\u00f3n tengo que presentar para inscribirme a la carrera de abogac\u00eda?<\/h2>\n<p>Deber\u00e1s presentar en el \u00e1rea de ingreso de la UNMdP: 3 fotos carnet 4\u00d74 a color, D.N.I y fotocopia del mismo, t\u00edtulo secundario o certificado de alumno regular y fotocopia, 3 copias del formulario de inscripci\u00f3n y turno. (Sede de Ciencias Exactas \u2013 De\u00e1n Funes 3350). Director del \u00e1rea de ingreso: Cristian Cardoso. Horario de atenci\u00f3n: 8 a 20 hs.<\/p>\n<h2>\u00bfCu\u00e1l es el n\u00famero del Departamento Alumnos?<\/h2>\n<p>El n\u00famero es (0223) 495-7770, interno 104 y 105.<\/p>\n<h2>\u00bfCu\u00e1nto tiempo tengo para anotarme en una mesa libre y c\u00f3mo puedo hacerlo?<\/h2>\n<p>Podr\u00e1s hacerlo a trav\u00e9s del SIU Guaran\u00ed hasta 72 hs h\u00e1biles antes del examen.<\/p>\n<h2>\u00bfPuedo rendir libre todas las materias del plan 1988\/93?<\/h2>\n<p>S\u00ed, excepto las pr\u00e1cticas y los seminarios. El \u00fanico caso en el que podr\u00e1s rendir libre una pr\u00e1ctica es que sea la \u00faltima materia y que hayas aprobado el primer parcial anteriormente, deber\u00e1s inscribirte por ventanilla en Departamento de Estudiantes.<\/p>\n<h2>\u00bfPuedo obtener un Certificado de Alumno Regular Online?<\/h2>\n<p>S\u00ed, a trav\u00e9s del SIU Guaran\u00ed y tendr\u00e1 una validez de 90 d\u00edas.<\/p>\n<h2>\u00bfCu\u00e1ndo hay turnos para rendir libre?<\/h2>\n<p>Todos los meses, excepto en Enero y Julio.<\/p>\n<h2>\u00bfD\u00f3nde se dejan las cosas perdidas?<\/h2>\n<p>Si perdiste un objeto personal, podr\u00e1s consultarlo en la Guardia.<\/p>\n","protected":false},"excerpt":{"rendered":"<p>\u00bfD\u00f3nde queda nuestra Facultad de Derecho? Se ubica en calle 25 de Mayo 2865, Mar del Plata, Buenos Aires, Argentina. \u00bfEn qu\u00e9 horario abre Departamento Alumnos? El Departamento Alumnos se encuentra en el primer piso de la Facultad de Derecho, abierto de Lunes a Viernes de 10.00 a 12.00 hs y de 14.00 a 16.00 &hellip; <\/p>\n<p class=\"link-more\"><a href=\"https:\/\/derecho.mdp.edu.ar\/index.php\/preguntas-frecuentes\/\" class=\"more-link\">Segu\u00ed leyendo<span class=\"screen-reader-text\"> &#8220;Preguntas Frecuentes&#8221;<\/span><\/a><\/p>\n","protected":false},"author":1,"featured_media":0,"parent":0,"menu_order":0,"comment_status":"closed","ping_status":"closed","template":"","meta":[],"_links":{"self":[{"href":"https:\/\/derecho.mdp.edu.ar\/index.php\/wp-json\/wp\/v2\/pages\/215"}],"collection":[{"href":"https:\/\/derecho.mdp.edu.ar\/index.php\/wp-json\/wp\/v2\/pages"}],"about":[{"href":"https:\/\/derecho.mdp.edu.ar\/index.php\/wp-json\/wp\/v2\/types\/page"}],"author":[{"embeddable":true,"href":"https:\/\/derecho.mdp.edu.ar\/index.php\/wp-json\/wp\/v2\/users\/1"}],"replies":[{"embeddable":true,"href":"https:\/\/derecho.mdp.edu.ar\/index.php\/wp-json\/wp\/v2\/comments?post=215"}],"version-history":[{"count":5,"href":"https:\/\/derecho.mdp.edu.ar\/index.php\/wp-json\/wp\/v2\/pages\/215\/revisions"}],"predecessor-version":[{"id":726,"href":"https:\/\/derecho.mdp.edu.ar\/index.php\/wp-json\/wp\/v2\/pages\/215\/revisions\/726"}],"wp:attachment":[{"href":"https:\/\/derecho.mdp.edu.ar\/index.php\/wp-json\/wp\/v2\/media?parent=215"}],"curies":[{"name":"wp","href":"https:\/\/api.w.org\/{rel}","templated":true}]}}