{"id":177,"date":"2019-06-12T19:35:21","date_gmt":"2019-06-12T22:35:21","guid":{"rendered":"http:\/\/www.mdp.edu.ar\/derecho\/derecho2019\/?page_id=177"},"modified":"2019-06-13T09:05:03","modified_gmt":"2019-06-13T12:05:03","slug":"extension-inicio","status":"publish","type":"page","link":"https:\/\/derecho.mdp.edu.ar\/index.php\/extension-inicio\/","title":{"rendered":"Extensi\u00f3n &#8220;Inicio&#8221;"},"content":{"rendered":"<h1>EXTENSI\u00d3N Y BIENESTAR ESTUDIANTIL<\/h1>\n<p>La Facultad adjudica una misi\u00f3n esencial a la Extensi\u00f3n y el Bienestar Estudiantil, por ser una rama que fomenta y enfatiza la relaci\u00f3n entre la instituci\u00f3n, los claustros que la integran y las comunidades.<\/p>\n<p>Las acciones llevadas a cabo desde el \u00e1rea son destinadas a nutrir la calidad de vida de los y las estudiantes, el fortalecimiento de los v\u00ednculos con las comunidades, la promoci\u00f3n del di\u00e1logo constante, y la transferencia de conocimiento y cultura a los distintos sectores de la sociedad en general.<\/p>\n<p>A trav\u00e9s de programas permanentes, proyectos y actividades, se invita a estudiantes, docentes y graduados\/as a\u00a0participar del medio social universitario; donde se prioriza esencialmente el sentido de la solidaridad, la responsabilidad y la cooperaci\u00f3n.<\/p>\n<p>Tambi\u00e9n el \u00e1rea se ha consolidado como un espacio destinado al seguimiento y acompa\u00f1amiento de los y las estudiantes de la Unidad Acad\u00e9mica; cuyo objetivo central es el trabajo constante por mejorar la calidad de vida y el bienestar estudiantil. Desde la Facultad,\u00a0se generan actividades de car\u00e1cter cultural, social y de recreaci\u00f3n destinadas al estudiante en particular; como el deporte, espacios de consulta y acompa\u00f1amiento, becas y convenios.<\/p>\n<p>La Secretar\u00eda de Extensi\u00f3n y Bienestar Estudiantil de la Facultad atiende al p\u00fablico de 10 a 14 hs en el 3er piso de la Facultad.<\/p>\n","protected":false},"excerpt":{"rendered":"<p>EXTENSI\u00d3N Y BIENESTAR ESTUDIANTIL La Facultad adjudica una misi\u00f3n esencial a la Extensi\u00f3n y el Bienestar Estudiantil, por ser una rama que fomenta y enfatiza la relaci\u00f3n entre la instituci\u00f3n, los claustros que la integran y las comunidades. Las acciones llevadas a cabo desde el \u00e1rea son destinadas a nutrir la calidad de vida de &hellip; <\/p>\n<p class=\"link-more\"><a href=\"https:\/\/derecho.mdp.edu.ar\/index.php\/extension-inicio\/\" class=\"more-link\">Segu\u00ed leyendo<span class=\"screen-reader-text\"> &#8220;Extensi\u00f3n &#8220;Inicio&#8221;&#8221;<\/span><\/a><\/p>\n","protected":false},"author":1,"featured_media":0,"parent":0,"menu_order":0,"comment_status":"closed","ping_status":"closed","template":"","meta":[],"_links":{"self":[{"href":"https:\/\/derecho.mdp.edu.ar\/index.php\/wp-json\/wp\/v2\/pages\/177"}],"collection":[{"href":"https:\/\/derecho.mdp.edu.ar\/index.php\/wp-json\/wp\/v2\/pages"}],"about":[{"href":"https:\/\/derecho.mdp.edu.ar\/index.php\/wp-json\/wp\/v2\/types\/page"}],"author":[{"embeddable":true,"href":"https:\/\/derecho.mdp.edu.ar\/index.php\/wp-json\/wp\/v2\/users\/1"}],"replies":[{"embeddable":true,"href":"https:\/\/derecho.mdp.edu.ar\/index.php\/wp-json\/wp\/v2\/comments?post=177"}],"version-history":[{"count":5,"href":"https:\/\/derecho.mdp.edu.ar\/index.php\/wp-json\/wp\/v2\/pages\/177\/revisions"}],"predecessor-version":[{"id":504,"href":"https:\/\/derecho.mdp.edu.ar\/index.php\/wp-json\/wp\/v2\/pages\/177\/revisions\/504"}],"wp:attachment":[{"href":"https:\/\/derecho.mdp.edu.ar\/index.php\/wp-json\/wp\/v2\/media?parent=177"}],"curies":[{"name":"wp","href":"https:\/\/api.w.org\/{rel}","templated":true}]}}