{"id":175,"date":"2019-06-12T19:30:01","date_gmt":"2019-06-12T22:30:01","guid":{"rendered":"http:\/\/www.mdp.edu.ar\/derecho\/derecho2019\/?page_id=175"},"modified":"2021-05-13T10:55:22","modified_gmt":"2021-05-13T13:55:22","slug":"investigacion-centro","status":"publish","type":"page","link":"https:\/\/derecho.mdp.edu.ar\/index.php\/investigacion-centro\/","title":{"rendered":"Investigaci\u00f3n Centros"},"content":{"rendered":"<h1><strong>Centro de Investigaci\u00f3n y Docencia en Derechos Humanos\u00a0Dra. Alicia Moreau<\/strong><\/h1>\n<p><img loading=\"lazy\" class=\"alignnone wp-image-978 size-thumbnail\" src=\"http:\/\/www.mdp.edu.ar\/derecho\/derecho2019\/wp-content\/uploads\/Logo-png-150x150.png\" alt=\"\" width=\"150\" height=\"150\" srcset=\"https:\/\/derecho.mdp.edu.ar\/wp-content\/uploads\/Logo-png-150x150.png 150w, https:\/\/derecho.mdp.edu.ar\/wp-content\/uploads\/Logo-png-250x250.png 250w, https:\/\/derecho.mdp.edu.ar\/wp-content\/uploads\/Logo-png-100x100.png 100w, https:\/\/derecho.mdp.edu.ar\/wp-content\/uploads\/Logo-png-350x349.png 350w, https:\/\/derecho.mdp.edu.ar\/wp-content\/uploads\/Logo-png-300x300.png 300w, https:\/\/derecho.mdp.edu.ar\/wp-content\/uploads\/Logo-png.png 364w\" sizes=\"(max-width: 150px) 100vw, 150px\" \/><\/p>\n<p><strong>Ubicaci\u00f3n:<\/strong>\u00a0octavo piso \u2013 Facultad de Derecho UNMdP<br \/>\n<strong>Dependencia:\u00a0<\/strong>Facultad de Derecho, Universidad Nacional de Mar del Plata.<\/p>\n<p><strong>Centro asociado al C.I.C. (<em>Comisi\u00f3n de Investigaciones Cient\u00edficas<\/em>)<\/strong><\/p>\n<p>La misi\u00f3n principal del Centro es el fortalecimiento de la educaci\u00f3n en derechos humanos y su propagaci\u00f3n en Argentina y pa\u00edses del entorno. El CIDDH se presenta como un centro regional de ense\u00f1anza de los derechos humanos, as\u00ed como un impulsor de redes de trabajo con universidades nacionales y extranjeras.<\/p>\n<p><strong>Objetivos generales:<\/strong><\/p>\n<p>a) Difundir los valores inherentes a los derechos humanos;<br \/>\nb) Crear un marco de reflexi\u00f3n y di\u00e1logo sobre derechos humanos;<br \/>\nc) Desarrollar investigaci\u00f3n en derechos humanos;<br \/>\nd) Promover la difusi\u00f3n de obras cient\u00edficas sobre derechos humanos;<br \/>\ne) Fomentar la ense\u00f1anza en derechos humanos;<br \/>\nf) Ofrecer a la comunidad un servicio de asesoramiento jur\u00eddico en derechos humanos.<\/p>\n<p>Las principales actividades del CIDDH son ofrecer cursos de formaci\u00f3n en Derechos Humanos; Seminarios de Grado y Postgrado; llevar adelante proyectos de investigaci\u00f3n sobre derechos humanos; ofrecer a la comunidad servicios de asesoramiento en derechos humanos; realizar actividades conjuntas con organismos<br \/>\nEstatales y no Estatales (ONG) en todo lo relativo a la difusi\u00f3n y gesti\u00f3n pr\u00e1ctica de los Derechos Humanos.<\/p>\n<p><strong>\u00c1reas de especializaci\u00f3n:<\/strong>\u00a0Discapacidad y Derechos Humanos; Justicia transicional y Derechos Humanos; Econom\u00eda pol\u00edtica y Derechos Humanos; Derecho a la Ciudad y Derechos Humanos.<\/p>\n<p><strong>Contacto<\/strong><br \/>\n<img loading=\"lazy\" class=\"alignnone size-full wp-image-796\" src=\"http:\/\/www.mdp.edu.ar\/derecho\/derecho2019\/wp-content\/uploads\/email-color-1.png\" alt=\"\" width=\"17\" height=\"12\" \/>\u00a0 postgradociddh@gmail.com<\/p>\n<h1><strong>Centro de Investigaci\u00f3n en Derecho Internacional e Integraci\u00f3n Regional<\/strong><\/h1>\n<h1><strong><a href=\"https:\/\/cdi-ilc.weebly.com\/\"><img loading=\"lazy\" class=\"alignnone wp-image-790\" src=\"http:\/\/www.mdp.edu.ar\/derecho\/derecho2019\/wp-content\/uploads\/WhatsApp-Image-2020-07-13-at-16.50.07-300x168.jpeg\" alt=\"\" width=\"150\" height=\"84\" srcset=\"https:\/\/derecho.mdp.edu.ar\/wp-content\/uploads\/WhatsApp-Image-2020-07-13-at-16.50.07-300x168.jpeg 300w, https:\/\/derecho.mdp.edu.ar\/wp-content\/uploads\/WhatsApp-Image-2020-07-13-at-16.50.07-350x196.jpeg 350w, https:\/\/derecho.mdp.edu.ar\/wp-content\/uploads\/WhatsApp-Image-2020-07-13-at-16.50.07-768x430.jpeg 768w, https:\/\/derecho.mdp.edu.ar\/wp-content\/uploads\/WhatsApp-Image-2020-07-13-at-16.50.07-1024x574.jpeg 1024w, https:\/\/derecho.mdp.edu.ar\/wp-content\/uploads\/WhatsApp-Image-2020-07-13-at-16.50.07.jpeg 1153w\" sizes=\"(max-width: 150px) 100vw, 150px\" \/><\/a><\/strong><\/h1>\n<p><strong>Dependencia: <\/strong>Facultad de Derecho, Universidad Nacional de Mar del Plata<\/p>\n<p>La misi\u00f3n principal del Centro se centra en el fortalecimiento de la investigaci\u00f3n, actualizaci\u00f3n, formaci\u00f3n de investigadores y extensi\u00f3n acad\u00e9mica en materia de derecho internacional e integraci\u00f3n regional. Ello involucra la generaci\u00f3n y transferencia de conocimiento cient\u00edfico en tales \u00e1reas y sus implicancias con el derecho internacional de los derechos humanos, el medioambiente internacional y la justicia transicional.<\/p>\n<p>CIDIIR es miembro desde 2021 de la <strong>RED ACADEMICA ESPECIALIZADA<\/strong> de la Comisi\u00f3n Interamericana de Derechos Humanos. Organizaci\u00f3n de Estados Americanos, Washington, DC.<\/p>\n<p>&nbsp;<\/p>\n<p><strong>Principales actividades del Centro:<\/strong><\/p>\n<ol>\n<li>a) Realizaci\u00f3n de charlas, jornadas, congresos, seminarios de actualizaci\u00f3n y\/o perfeccionamiento metodol\u00f3gico, t\u00e9cnico y cient\u00edfico. La <strong>p\u00e1gina web<\/strong> madre donde se indica la totalidad de actividades, programas y contenido desarrollados por el Centro se encuentra en: <a href=\"https:\/\/cdi-ilc.weebly.com\/\">https:\/\/cdi-ilc.weebly.com\/<\/a><\/li>\n<li>b) Organizaci\u00f3n de <strong>concursos acad\u00e9micos<\/strong> tendientes a fortalecer el an\u00e1lisis e\u00a0intercambio de conocimiento cient\u00edfico sobre temas estrat\u00e9gicos: <a href=\"https:\/\/concursoscidiir.weebly.com\/\">https:\/\/concursoscidiir.weebly.com\/<\/a><\/li>\n<li>c) Ejecuci\u00f3n de <strong>Programas de competencias y litigio estrat\u00e9gico<\/strong> vinculados a nuestros objetos de investigaci\u00f3n: <a href=\"https:\/\/cidiircompetencias.weebly.com\/\">https:\/\/cidiircompetencias.weebly.com\/<\/a><\/li>\n<li>d) Desarrollo de capacitaciones e intercambio acad\u00e9mico, desde una perspectiva integral e internacional, mediante el <strong>Programa de viajes culturales y de estudio<\/strong>: <a href=\"https:\/\/cdi-ilc.weebly.com\/viajes-culturales-y-de-estudio.html\">https:\/\/cdi-ilc.weebly.com\/viajes-culturales-y-de-estudio.html<\/a><\/li>\n<li>e) Promoci\u00f3n de la investigaci\u00f3n y divulgaci\u00f3n de aspectos normativos y pr\u00e1cticos en las \u00e1reas de derecho internacional e integraci\u00f3n regional a trav\u00e9s de la <strong>Revista Cient\u00edfica \u201cPlural<\/strong>\u201d, en sus ediciones Joven y Academia. La misma ha sido declarada de inter\u00e9s por el Municipio de General Pueyrred\u00f3n:\u00a0<a href=\"https:\/\/pluralrevista.weebly.com\/\">https:\/\/pluralrevista.weebly.com\/<\/a><\/li>\n<li>f) Realizaci\u00f3n de entrevistas a l\u00edderes, lideresas sociales y operadores de justicia, en el marco del <strong>Programa de Podcast<\/strong>: <a href=\"https:\/\/cdi-ilc.weebly.com\/podcast.html\">https:\/\/cdi-ilc.weebly.com\/podcast.html<\/a><\/li>\n<li>f) Articulaci\u00f3n y coordinaci\u00f3n con otras instituciones y agencias dedicadas a la ense\u00f1anza, difusi\u00f3n y an\u00e1lisis del derecho y la pol\u00edtica internacionales, espec\u00edficamente en materia medioambiental:\u00a0<a href=\"https:\/\/grupoopam.wordpress.com\/\">https:\/\/grupoopam.wordpress.com\/<\/a><\/li>\n<\/ol>\n<p><strong>Contacto<\/strong><br \/>\n<a class=\"oajrlxb2 g5ia77u1 qu0x051f esr5mh6w e9989ue4 r7d6kgcz rq0escxv nhd2j8a9 nc684nl6 p7hjln8o kvgmc6g5 cxmmr5t8 oygrvhab hcukyx3x jb3vyjys rz4wbd8a qt6c0cv9 a8nywdso i1ao9s8h esuyzwwr f1sip0of lzcic4wl py34i1dx gpro0wi8\" tabindex=\"0\" role=\"link\" href=\"mailto:postgradociddh@gmail.com\" target=\"_blank\" rel=\"noopener\"><img loading=\"lazy\" class=\"alignnone size-full wp-image-796\" src=\"http:\/\/www.mdp.edu.ar\/derecho\/derecho2019\/wp-content\/uploads\/email-color-1.png\" alt=\"\" width=\"17\" height=\"12\" \/><\/a>\u00a0 cidiir.unmdp@gmail.com<\/p>\n<p>Instagram, Facebook y Linkedin:\u00a0 @cidiir<\/p>\n","protected":false},"excerpt":{"rendered":"<p>Centro de Investigaci\u00f3n y Docencia en Derechos Humanos\u00a0Dra. Alicia Moreau Ubicaci\u00f3n:\u00a0octavo piso \u2013 Facultad de Derecho UNMdP Dependencia:\u00a0Facultad de Derecho, Universidad Nacional de Mar del Plata. Centro asociado al C.I.C. (Comisi\u00f3n de Investigaciones Cient\u00edficas) La misi\u00f3n principal del Centro es el fortalecimiento de la educaci\u00f3n en derechos humanos y su propagaci\u00f3n en Argentina y pa\u00edses &hellip; <\/p>\n<p class=\"link-more\"><a href=\"https:\/\/derecho.mdp.edu.ar\/index.php\/investigacion-centro\/\" class=\"more-link\">Segu\u00ed leyendo<span class=\"screen-reader-text\"> &#8220;Investigaci\u00f3n Centros&#8221;<\/span><\/a><\/p>\n","protected":false},"author":1,"featured_media":0,"parent":0,"menu_order":0,"comment_status":"closed","ping_status":"closed","template":"","meta":[],"_links":{"self":[{"href":"https:\/\/derecho.mdp.edu.ar\/index.php\/wp-json\/wp\/v2\/pages\/175"}],"collection":[{"href":"https:\/\/derecho.mdp.edu.ar\/index.php\/wp-json\/wp\/v2\/pages"}],"about":[{"href":"https:\/\/derecho.mdp.edu.ar\/index.php\/wp-json\/wp\/v2\/types\/page"}],"author":[{"embeddable":true,"href":"https:\/\/derecho.mdp.edu.ar\/index.php\/wp-json\/wp\/v2\/users\/1"}],"replies":[{"embeddable":true,"href":"https:\/\/derecho.mdp.edu.ar\/index.php\/wp-json\/wp\/v2\/comments?post=175"}],"version-history":[{"count":10,"href":"https:\/\/derecho.mdp.edu.ar\/index.php\/wp-json\/wp\/v2\/pages\/175\/revisions"}],"predecessor-version":[{"id":981,"href":"https:\/\/derecho.mdp.edu.ar\/index.php\/wp-json\/wp\/v2\/pages\/175\/revisions\/981"}],"wp:attachment":[{"href":"https:\/\/derecho.mdp.edu.ar\/index.php\/wp-json\/wp\/v2\/media?parent=175"}],"curies":[{"name":"wp","href":"https:\/\/api.w.org\/{rel}","templated":true}]}}