{"id":173,"date":"2019-06-12T19:28:55","date_gmt":"2019-06-12T22:28:55","guid":{"rendered":"http:\/\/www.mdp.edu.ar\/derecho\/derecho2019\/?page_id=173"},"modified":"2019-06-13T01:42:19","modified_gmt":"2019-06-13T04:42:19","slug":"investigacion-instituto","status":"publish","type":"page","link":"https:\/\/derecho.mdp.edu.ar\/index.php\/investigacion-instituto\/","title":{"rendered":"Investigaci\u00f3n &#8220;Instituto&#8221;"},"content":{"rendered":"<h1>INSTITUTO DE INVESTIGACIONES &#8220;DOCTOR CARLOS SANTIAGO NINO&#8221;<\/h1>\n<p><strong>Tel\u00e9fono:<\/strong>\u00a0(0223) 491-1376<br \/>\n<strong>Ubicaci\u00f3n:<\/strong>\u00a0Octavo piso \u2013 Facultad de Derecho UNMdP<\/p>\n<p><em><strong>Director del Instituto de Investigaciones &#8220;Doctor Carlos Santiago Nino<\/strong><\/em><\/p>\n<p>Dr. Pablo Eduardo Slavin<\/p>\n<p>El Instituto de Investigaciones de la Facultad de Derecho \u201cDoctor Carlos Santiago Nino\u201d tiene como finalidades desarrollar nuevos conocimientos en un \u00e1mbito de excelencia cient\u00edfica y tecnol\u00f3gica, promover y desarrollar en forma aut\u00f3noma l\u00edneas de investigaci\u00f3n, programas, y proyectos, formar recursos humanos en el \u00e1mbito de la investigaci\u00f3n y la tecnolog\u00eda, desarrollar programas, cursos y carreras, y direcci\u00f3n de investigadores y becarios, administrar y coordinar las acciones de los n\u00facleos bajo su dependencia, articular las actividades de investigaci\u00f3n. Todos los a\u00f1os organizan y llevan a cabo las JORNADAS DE INVESTIGADORES Y BECARIOS EN CIENCIAS JURIDICAS Y SOCIALES, evento en el cual los investigadores exponen los trabajos que realizan.<\/p>\n<p>Est\u00e1 integrado por un plantel de Docentes-Investigadores con dedicaciones exclusivas y parciales cumplidas en la Facultad de Derecho de la Universidad Nacional de Mar del Plata, Docentes \u2013 investigadores (con dedicaciones simples), investigadores del CONICET, CIC u otros organismos, becarios y tesistas de grado y postgrado.<\/p>\n","protected":false},"excerpt":{"rendered":"<p>INSTITUTO DE INVESTIGACIONES &#8220;DOCTOR CARLOS SANTIAGO NINO&#8221; Tel\u00e9fono:\u00a0(0223) 491-1376 Ubicaci\u00f3n:\u00a0Octavo piso \u2013 Facultad de Derecho UNMdP Director del Instituto de Investigaciones &#8220;Doctor Carlos Santiago Nino Dr. Pablo Eduardo Slavin El Instituto de Investigaciones de la Facultad de Derecho \u201cDoctor Carlos Santiago Nino\u201d tiene como finalidades desarrollar nuevos conocimientos en un \u00e1mbito de excelencia cient\u00edfica y &hellip; <\/p>\n<p class=\"link-more\"><a href=\"https:\/\/derecho.mdp.edu.ar\/index.php\/investigacion-instituto\/\" class=\"more-link\">Segu\u00ed leyendo<span class=\"screen-reader-text\"> &#8220;Investigaci\u00f3n &#8220;Instituto&#8221;&#8221;<\/span><\/a><\/p>\n","protected":false},"author":1,"featured_media":0,"parent":0,"menu_order":0,"comment_status":"closed","ping_status":"closed","template":"","meta":[],"_links":{"self":[{"href":"https:\/\/derecho.mdp.edu.ar\/index.php\/wp-json\/wp\/v2\/pages\/173"}],"collection":[{"href":"https:\/\/derecho.mdp.edu.ar\/index.php\/wp-json\/wp\/v2\/pages"}],"about":[{"href":"https:\/\/derecho.mdp.edu.ar\/index.php\/wp-json\/wp\/v2\/types\/page"}],"author":[{"embeddable":true,"href":"https:\/\/derecho.mdp.edu.ar\/index.php\/wp-json\/wp\/v2\/users\/1"}],"replies":[{"embeddable":true,"href":"https:\/\/derecho.mdp.edu.ar\/index.php\/wp-json\/wp\/v2\/comments?post=173"}],"version-history":[{"count":2,"href":"https:\/\/derecho.mdp.edu.ar\/index.php\/wp-json\/wp\/v2\/pages\/173\/revisions"}],"predecessor-version":[{"id":463,"href":"https:\/\/derecho.mdp.edu.ar\/index.php\/wp-json\/wp\/v2\/pages\/173\/revisions\/463"}],"wp:attachment":[{"href":"https:\/\/derecho.mdp.edu.ar\/index.php\/wp-json\/wp\/v2\/media?parent=173"}],"curies":[{"name":"wp","href":"https:\/\/api.w.org\/{rel}","templated":true}]}}