{"id":124,"date":"2019-06-12T20:15:15","date_gmt":"2019-06-12T23:15:15","guid":{"rendered":"http:\/\/www.mdp.edu.ar\/derecho\/derecho2019\/?page_id=124"},"modified":"2024-02-05T20:33:18","modified_gmt":"2024-02-05T23:33:18","slug":"posgrado-doctorado","status":"publish","type":"page","link":"https:\/\/derecho.mdp.edu.ar\/index.php\/posgrado-doctorado\/","title":{"rendered":"Posgrado &#8220;Doctorado&#8221;"},"content":{"rendered":"<h1 style=\"text-align: left;\"><strong>Carrera de Posgrado \u201c<\/strong><strong>DOCTORADO<\/strong><strong>\u00a0en Derecho\u201d<\/strong><\/h1>\n<p><strong>Ubicaci\u00f3n:<\/strong> Octavo Piso<br \/>\n<strong>Responsable administrativo:<\/strong> Mar\u00eda Luj\u00e1n Di Bella<br \/>\n<strong>Contacto:<\/strong> docdere@mdp.edu.ar<\/p>\n<p><strong>Acreditado por CONEAU RESOLUCI\u00d3N: RESFC-2023-601-APN-CONEAU#ME<\/strong><\/p>\n<p><strong>Categor\u00eda A\u00a0<\/strong><\/p>\n<p><strong>Facultad de Derecho de la Universidad Nacional de Mar del Plata<\/strong><\/p>\n<p><strong>Titulo que se otorga: <\/strong>\u201cDoctor en Derecho\u201d<\/p>\n<p><strong>Modalidad:<\/strong> Presencial.<\/p>\n<p>La Carrera de\u00a0Doctorado\u00a0tiene un total de 1.320 hs, de las cuales el doctorando deber\u00e1 asistir a 240 horas presenciales obligatorias (120 horas corresponden a las siguientes asignaturas del Ciclo B\u00e1sico: Teor\u00eda General del Derecho, Epistemolog\u00eda y Metodolog\u00eda de la Investigaci\u00f3n en Ciencias Jur\u00eddicas; y las otras 120 horas corresponden al Ciclo de Profundizaci\u00f3n\u00a0 que comprende cursos de diversas \u00e1reas del Derecho), 360 horas corresponden a las horas de elaboraci\u00f3n del Plan de Tesis, 720 horas a la Tesis\u00a0Doctoral\u00a0final.\u00a0Seg\u00fan el Art 22 del reglamento la carrera tiene una duraci\u00f3n m\u00ednima de tres a\u00f1os.<\/p>\n<p><strong>\u00a0\u00d3rganos de Gobierno de la Carrera:<\/strong><\/p>\n<p><strong>Direcci\u00f3n:<\/strong> Ana Mar\u00eda Vernetti <a href=\"https:\/\/drive.google.com\/file\/d\/12EEn_EB0YACUkGXw9mAUd0rkYsf5dn_S\/view?usp=sharing\">OCA 644\/19<\/a><\/p>\n<p><strong>Comisi\u00f3n: <\/strong><a href=\"https:\/\/drive.google.com\/file\/d\/1ZmHZiuh7MbyHtITE8WRm0PY8ARLuArLD\/view?usp=sharing\">OCA 1277\/21<\/a><\/p>\n<p><a href=\"http:\/\/www.mdp.edu.ar\/derecho\/docs\/doctorado\/Res891-15C4650%20CONEAU.pdf\" target=\"_blank\" rel=\"noopener\">Acreditaci\u00f3n de CONEAU<\/a><\/p>\n<p><a href=\"http:\/\/www.mdp.edu.ar\/derecho\/docs\/doctorado\/M%C3%A1s%20informaci%C3%B3n.pdf\" target=\"_blank\" rel=\"noopener\">Resoluci\u00f3n OCS<\/a><\/p>\n<p><a href=\"https:\/\/drive.google.com\/file\/d\/1jtg1BnVunYminpVJzsTZ7N8f2vOPm92a\/view?usp=sharing\">Reglamento de Doctorado vigente OCA 184<\/a><\/p>\n<p><a href=\"https:\/\/drive.google.com\/file\/d\/1B1zvLXnyKRl2tHC0kdOZUGoomYkHAMzg\/view?usp=sharing\">RD &#8211; 2023 &#8211; 139 &#8211; FD # UNMDP <\/a>Incorpora art\u00edculo 37\u00b0 bis al Reglamento de la carrera de posgrado Doctorado en Derecho.<\/p>\n<p><a href=\"https:\/\/drive.google.com\/file\/d\/1ntIhtS0pfqshADZJDmm81Q-BiuhnQ8uu\/view?usp=sharing\">OCA &#8211; 2023 &#8211; 205 &#8211; FD # UNMDP<\/a><br \/>\nDa refer\u00e9ndum a la RD &#8211; 2023 &#8211; 139 &#8211; FD # UNMDP de fecha 13 de<br \/>\nnoviembre de 2023.<\/p>\n<p><strong>PLAN DE ESTUDIOS:<\/strong><\/p>\n<p>El plan de estudio aprobado por OCA 408\/05 y OCS 733\/05 est\u00e1 formulado de la siguiente manera:<\/p>\n<p><em><strong>1.-CICLO BASICO<\/strong><\/em>:\u00a0<strong>incluye las siguientes 3 asignaturas:<\/strong><\/p>\n<p><strong>I.-Epistemolog\u00eda (24 hs. te\u00f3ricas)\u00a0<\/strong><strong><br \/>\n<\/strong>\u00a0\u00a0\u00a0\u00a0\u00a0\u00a0\u00a0\u00a0\u00a0\u00a0\u00a0 Tiene como objeto el estudio de las modernas concepciones en materia de filosof\u00eda de la ciencia con especial referencia a los problemas y<br \/>\ncondiciones de producci\u00f3n y validaci\u00f3n del conocimiento cient\u00edfico.-<\/p>\n<p><strong>II.-Metodolog\u00eda de la Investigaci\u00f3n en Ciencias Jur\u00eddicas (48 hs. te\u00f3ricas)\u00a0<\/strong><strong><br \/>\n<\/strong>\u00a0\u00a0\u00a0\u00a0\u00a0\u00a0\u00a0\u00a0\u00a0\u00a0\u00a0 Tiene por finalidad proporcionar los conocimientos metodol\u00f3gicos y epistemol\u00f3gicos b\u00e1sicos del campo social y espec\u00edficos de las ciencias<br \/>\njur\u00eddicas, as\u00ed como brindar un an\u00e1lisis de los problemas actuales que se plantean en el campo del derecho.<\/p>\n<p><strong>III.-Teor\u00eda General del Derecho (48 hs.)<\/strong><\/p>\n<p>Su objetivo es el an\u00e1lisis del Derecho como objeto cient\u00edfico, la estructura de los sistemas normativos jur\u00eddicos, los conflictos normativos y los llamados casos dif\u00edciles, y la interpretaci\u00f3n y argumentaci\u00f3n jur\u00eddica.-<\/p>\n<p><em><b>2.-CICLO DE PROFUNDIZACI\u00d3N: 120 horas te\u00f3ricas<\/b><\/em><\/p>\n<p>Este Ciclo tiene por finalidad garantizar la realizaci\u00f3n de cursos electivos que permitan al doctorando acceder a la totalidad de los cr\u00e9ditos conferidos garantizando la formaci\u00f3n seguida por el alumno. A trav\u00e9s de este ciclo de 120 hs, el doctorando profundizar\u00e1 los conocimientos relacionados con el tema de su inter\u00e9s, mediante el cursado y aprobaci\u00f3n de cursos de estudio e investigaci\u00f3n organizados por la Facultad. El objeto de este ciclo consiste en sostener y fortalecer la coherencia acad\u00e9mica del tema de investigaci\u00f3n del doctorando en las \u00e1reas disciplinarias y de conocimiento.-<\/p>\n<p><em><b>3.-CICLO DE ACTIVIDADES DE INVESTIGACI\u00d3N: 360 horas pr\u00e1cticas<\/b><\/em><\/p>\n<p>Luego de haber aprobado el Ciclo B\u00e1sico y el Ciclo de Profundizaci\u00f3n el doctorando podr\u00e1 abocarse a las actividades de investigaci\u00f3n. Constar\u00e1 de 360 horas pr\u00e1cticas.<\/p>\n<p>En el plazo de un a\u00f1o desde que finaliz\u00f3 los Ciclos B\u00e1sicos y de profundizaci\u00f3n deber\u00e1 presentar el plan de tesis y designar Director de Tesis.-<\/p>\n<p><em><strong>4.-TESIS: 720 horas para elaboraci\u00f3n de la tesis final original<\/strong><\/em><\/p>\n<p>Esta carrera de\u00a0Doctorado\u00a0en Derecho finaliza con la elaboraci\u00f3n y defensa de una tesis\u00a0doctoral\u00a0que consiste en un trabajo de investigaci\u00f3n original e in\u00e9dito sobre la base de una rigurosa metodolog\u00eda que permita superar la frontera del conocimiento actual en el tema elegido y constituya un aporte significativo al avance de las teor\u00edas. Las tareas destinadas a dicho trabajo ser\u00e1n objeto de informes de avance y deber\u00e1n ser evaluados y aprobados por el Director de Tesis. Finalizada la tarea de investigaci\u00f3n el doctorando presentar\u00e1 la tesis final con la conformidad de su Director de Tesis, en caso de extranjeros de lengua no hispana deber\u00e1 ser presentada y defendida en espa\u00f1ol, \u00a0\u00e9sta \u00a0ser\u00e1 sometida al estudio y aprobaci\u00f3n de un tribunal constituido a propuesta de la Comisi\u00f3n deDoctorado\u00a0e integrada por 3 (tres) doctores. Una vez aprobado el trabajo de investigaci\u00f3n ser\u00e1 sometido posteriormente a la defensa oral por parte del doctorando.-<\/p>\n<p><strong>La carga horaria total de la Carrera es de 1320 horas.-<\/strong><\/p>\n<p><u><b>REQUISITOS PARA PRESENTAR SU SOLICITUD DE ADMISI\u00d3N\u00a0A LA CARRERA DE<\/b><\/u><span style=\"text-decoration: underline;\"><b> \u201c<\/b><strong>DOCTORADO<\/strong><\/span><strong><span style=\"text-decoration: underline;\">\u00a0E<\/span><u>N DERECHO\u201d:<\/u><\/strong><\/p>\n<p><strong>\u00a0 \u00a0 \u00a0 \u00a0 \u00a0 \u00a0 Para presentar su solicitud de admisi\u00f3n en el\u00a0Doctorado\u00a0el aspirante deber\u00e1 presentar:<br \/>\n<\/strong><\/p>\n<p>*Nota\u00a0de solicitud de inscripci\u00f3n y\/o formulario por duplicado Dirigida al Director de la Carrera (descargue el formulario <a href=\"http:\/\/www.mdp.edu.ar\/derecho\/docs\/doctorado\/SolicitudAdmisi\u00f3nalDoctorado%20modificada.pdf\">aqu\u00ed<\/a>)<\/p>\n<p>*2 fotos carnet 4&#215;4 a color, fondo blanco o celeste<\/p>\n<p>* En caso de poseer ciudadan\u00eda argentina fotocopia\u00a0del Documento Nacional de Identidad, Libreta C\u00edvica o Libreta de Enrolamiento (dos primeras hojas). En caso de no poseer ciudadan\u00eda argentina deber\u00e1 presentar fotocopia del pasaporte vigente.-<\/p>\n<p>*Fotocopias del t\u00edtulo\u00a0de abogado \u00a0y certificados anal\u00edticos legalizados ante el Ministerio de Educaci\u00f3n de la Naci\u00f3n (Los egresados de la UNMdP deben presentar fotocopia simple, los egresados en otras universidades argentinas o extranjeras fotocopia certificada por autoridad competente) y fotocopia de los t\u00edtulos de cursos\u00a0<strong>y carreras de posgrado que ha realizado.\u00a0<\/strong>Los t\u00edtulos universitarios extranjeros de los aspirantes a iniciar estudios de posgrado, deber\u00e1n estar\u00a0 traducidos por Traductor P\u00fablico Matriculado argentino\u00a0y apostillados.<strong><br \/>\n<\/strong><br \/>\n*Curr\u00edculum vitae completo en formato\u00a0Doctorado\u00a0en car\u00e1cter de declaraci\u00f3n jurada\u00a0<a href=\"http:\/\/www.mdp.edu.ar\/derecho\/docs\/doctorado\/Curriculum%20Vitae%20formato%20doctorado.pdf\" target=\"_blank\" rel=\"noopener\">(descargar)<\/a><\/p>\n<p>*Comprobante de pago del Derecho de admisi\u00f3n que se solicita por mail a:\u00a0<a href=\"mailto:gestionfinanciera.derecho@gmail.com\">gestionfinanciera.derecho@gmail.com<\/a><\/p>\n","protected":false},"excerpt":{"rendered":"<p>Carrera de Posgrado \u201cDOCTORADO\u00a0en Derecho\u201d Ubicaci\u00f3n: Octavo Piso Responsable administrativo: Mar\u00eda Luj\u00e1n Di Bella Contacto: docdere@mdp.edu.ar Acreditado por CONEAU RESOLUCI\u00d3N: RESFC-2023-601-APN-CONEAU#ME Categor\u00eda A\u00a0 Facultad de Derecho de la Universidad Nacional de Mar del Plata Titulo que se otorga: \u201cDoctor en Derecho\u201d Modalidad: Presencial. La Carrera de\u00a0Doctorado\u00a0tiene un total de 1.320 hs, de las cuales el &hellip; <\/p>\n<p class=\"link-more\"><a href=\"https:\/\/derecho.mdp.edu.ar\/index.php\/posgrado-doctorado\/\" class=\"more-link\">Segu\u00ed leyendo<span class=\"screen-reader-text\"> &#8220;Posgrado &#8220;Doctorado&#8221;&#8221;<\/span><\/a><\/p>\n","protected":false},"author":1,"featured_media":0,"parent":0,"menu_order":0,"comment_status":"closed","ping_status":"closed","template":"","meta":[],"_links":{"self":[{"href":"https:\/\/derecho.mdp.edu.ar\/index.php\/wp-json\/wp\/v2\/pages\/124"}],"collection":[{"href":"https:\/\/derecho.mdp.edu.ar\/index.php\/wp-json\/wp\/v2\/pages"}],"about":[{"href":"https:\/\/derecho.mdp.edu.ar\/index.php\/wp-json\/wp\/v2\/types\/page"}],"author":[{"embeddable":true,"href":"https:\/\/derecho.mdp.edu.ar\/index.php\/wp-json\/wp\/v2\/users\/1"}],"replies":[{"embeddable":true,"href":"https:\/\/derecho.mdp.edu.ar\/index.php\/wp-json\/wp\/v2\/comments?post=124"}],"version-history":[{"count":10,"href":"https:\/\/derecho.mdp.edu.ar\/index.php\/wp-json\/wp\/v2\/pages\/124\/revisions"}],"predecessor-version":[{"id":1695,"href":"https:\/\/derecho.mdp.edu.ar\/index.php\/wp-json\/wp\/v2\/pages\/124\/revisions\/1695"}],"wp:attachment":[{"href":"https:\/\/derecho.mdp.edu.ar\/index.php\/wp-json\/wp\/v2\/media?parent=124"}],"curies":[{"name":"wp","href":"https:\/\/api.w.org\/{rel}","templated":true}]}}