{"id":110,"date":"2019-06-12T19:16:19","date_gmt":"2019-06-12T22:16:19","guid":{"rendered":"http:\/\/www.mdp.edu.ar\/derecho\/derecho2019\/?page_id=110"},"modified":"2023-07-04T13:05:06","modified_gmt":"2023-07-04T16:05:06","slug":"institucional-bibliotecas","status":"publish","type":"page","link":"https:\/\/derecho.mdp.edu.ar\/index.php\/institucional-bibliotecas\/","title":{"rendered":"Institucional &#8220;Bibliotecas&#8221;"},"content":{"rendered":"<h2><strong>Biblioteca de Grado<\/strong><\/h2>\n<p><img loading=\"lazy\" class=\"alignnone size-full wp-image-111\" src=\"https:\/\/derecho.mdp.edu.ar\/wp-content\/uploads\/IMG_3064.jpg\" alt=\"\" width=\"4032\" height=\"3024\" \/><\/p>\n<p style=\"text-align: left;\"><a href=\"http:\/\/biblio13.mdp.edu.ar\/\">Ir al cat\u00e1logo<\/a><\/p>\n<p style=\"text-align: left;\"><strong>Horario de Atenci\u00f3n:<\/strong> Lunes a Viernes de 8 a 20 hs.<br \/>\n<strong>Tel\u00e9fono:<\/strong>\u00a0(0223) 493-5231 &#8211; int. 116<br \/>\n<strong>Ubicaci\u00f3n:\u00a0<\/strong>Tercer piso.<br \/>\n<strong>Contacto:<\/strong>\u00a0<a href=\"mailto:bib_dcho@mdp.edu.ar\">bib_dcho@mdp.edu.ar<\/a><\/p>\n<p style=\"text-align: left;\"><strong>Personal de la Biblioteca<\/strong><\/p>\n<p style=\"text-align: left;\">Bibliotecaria\u00a0 Sabrina Cecilia Abram<br \/>\nAbogado Gast\u00f3n Peccia<br \/>\nBibliotecaria Abogada Celeste Del\u00eda<br \/>\nAbogado Nicol\u00e1s Rossi<\/p>\n<p style=\"text-align: left;\"><strong>Requisitos para asociarte a la Biblioteca<\/strong><\/p>\n<p>Foto carnet a color<br \/>\nCertificado de alumno regular \/ Talonario de inscripci\u00f3n<br \/>\nD.N.I. original<\/p>\n<p style=\"text-align: left;\"><strong>Renovaciones :<\/strong> Las renovaciones pueden realizarse el mismo d\u00eda o antes\u00a0de la fecha estipulada, personalmente o por tel\u00e9fono.\u00a0Tambi\u00e9n pueden hacerse v\u00eda e-mail, con un d\u00eda de anterioridad a la fecha estipulada, sin excepciones; el e-mail ser\u00e1 respondido, con la informaci\u00f3n correspondiente.<\/p>\n<p style=\"text-align: left;\"><strong>Sanciones:<\/strong> Los socios ser\u00e1n penalizados con dos d\u00edas de suspensi\u00f3n\u00a0por cada d\u00eda de atraso, por cada libro. Pasando una semana de atraso la suspensi\u00f3n se duplica. Y as\u00ed por cada semana de demora.\u00a0Esta suspensi\u00f3n implica que no pueden retirar material nuevamente\u00a0hasta la fecha de la finalizaci\u00f3n de la pena.<\/p>\n<p style=\"text-align: left;\"><strong>Servicios y Productos:<\/strong><\/p>\n<p style=\"text-align: left;\">Sala de Lectura<br \/>\nConsulta en Sala<br \/>\nPr\u00e9stamos a socios (los pr\u00e9stamos se realizan por el plazo de una semana, hasta dos libros con opci\u00f3n a una renovaci\u00f3n).<br \/>\nServicio de referencia y B\u00fasqueda bibliogr\u00e1fica.<br \/>\nServicio de Diseminaci\u00f3n selectiva de la Informaci\u00f3n (DSI)<br \/>\nBase de datos Bibliogr\u00e1fica<br \/>\nBase de datos con las anal\u00edticas de las publicaciones y revistas que posee la Biblioteca.<\/p>\n<h2><strong>Biblioteca de Posgrado<\/strong><\/h2>\n<p><img loading=\"lazy\" class=\"alignnone size-full wp-image-112\" src=\"https:\/\/derecho.mdp.edu.ar\/wp-content\/uploads\/IMG_3070.jpg\" alt=\"\" width=\"4032\" height=\"3024\" \/><\/p>\n<p style=\"text-align: left;\"><strong>Horario de Atenci\u00f3n:<\/strong> Lunes a Viernes de 8 a 13 hs.<br \/>\n<strong>Ubicaci\u00f3n:\u00a0<\/strong>Tercer piso &#8211; Facultad de Derecho UNMdP.<br \/>\n<strong>Contacto:<\/strong>\u00a0<a href=\"mailto:bib_dcho@mdp.edu.ar\">mperales@mdp.edu.ar<\/a><\/p>\n<p style=\"text-align: left;\"><strong>Personal de la Biblioteca<\/strong><\/p>\n<p style=\"text-align: left;\">M\u00f3nica G. Perales<\/p>\n<p style=\"text-align: left;\"><strong>Requisitos para asociarte a la Biblioteca<\/strong><br \/>\nSer docente y\/o investigador.<br \/>\nSer estudiante de Posgrado.<\/p>\n<p style=\"text-align: left;\"><strong>Renovaciones :<\/strong> Las renovaciones pueden realizarse el mismo d\u00eda o antes\u00a0de la fecha estipulada, personalmente o por tel\u00e9fono.\u00a0Tambi\u00e9n pueden hacerse v\u00eda e-mail, con un d\u00eda de anterioridad a la fecha estipulada, sin excepciones; el e-mail ser\u00e1 respondido, con la informaci\u00f3n correspondiente.<\/p>\n<p style=\"text-align: left;\"><strong>Sanciones :<\/strong> Los socios ser\u00e1n penalizados con dos d\u00edas de suspensi\u00f3n\u00a0por cada d\u00eda de atraso, por cada libro. Pasando una semana de atraso la suspensi\u00f3n se duplica. Y as\u00ed por cada semana de demora.\u00a0Esta suspensi\u00f3n implica que no pueden retirar material nuevamente\u00a0hasta la fecha de la finalizaci\u00f3n de la pena.<\/p>\n<p style=\"text-align: left;\"><strong>Servicios y Productos:<\/strong><\/p>\n<ul style=\"text-align: center;\">\n<li style=\"list-style-type: none;\">\n<ul>\n<li style=\"text-align: left;\">Sala de Lectura<\/li>\n<li style=\"text-align: left;\">Consulta en Sala<\/li>\n<li style=\"text-align: left;\">Pr\u00e9stamos a socios: los pr\u00e9stamos se realizan por el plazo de una semana, hasta dos libros con opci\u00f3n a una renovaci\u00f3n<\/li>\n<li style=\"text-align: left;\">Servicio de referencia y B\u00fasqueda bibliogr\u00e1fica<\/li>\n<li style=\"text-align: left;\">Servicio de Diseminaci\u00f3n selectiva de la Informaci\u00f3n (DSI)<\/li>\n<li style=\"text-align: left;\">Base de datos Bibliogr\u00e1fica<\/li>\n<li style=\"text-align: left;\">Base de datos con las anal\u00edticas de las publicaciones y revistas que posee la Biblioteca.<\/li>\n<\/ul>\n<\/li>\n<\/ul>\n","protected":false},"excerpt":{"rendered":"<p>Biblioteca de Grado Ir al cat\u00e1logo Horario de Atenci\u00f3n: Lunes a Viernes de 8 a 20 hs. Tel\u00e9fono:\u00a0(0223) 493-5231 &#8211; int. 116 Ubicaci\u00f3n:\u00a0Tercer piso. Contacto:\u00a0bib_dcho@mdp.edu.ar Personal de la Biblioteca Bibliotecaria\u00a0 Sabrina Cecilia Abram Abogado Gast\u00f3n Peccia Bibliotecaria Abogada Celeste Del\u00eda Abogado Nicol\u00e1s Rossi Requisitos para asociarte a la Biblioteca Foto carnet a color Certificado de &hellip; <\/p>\n<p class=\"link-more\"><a href=\"https:\/\/derecho.mdp.edu.ar\/index.php\/institucional-bibliotecas\/\" class=\"more-link\">Segu\u00ed leyendo<span class=\"screen-reader-text\"> &#8220;Institucional &#8220;Bibliotecas&#8221;&#8221;<\/span><\/a><\/p>\n","protected":false},"author":1,"featured_media":0,"parent":0,"menu_order":0,"comment_status":"closed","ping_status":"closed","template":"","meta":[],"_links":{"self":[{"href":"https:\/\/derecho.mdp.edu.ar\/index.php\/wp-json\/wp\/v2\/pages\/110"}],"collection":[{"href":"https:\/\/derecho.mdp.edu.ar\/index.php\/wp-json\/wp\/v2\/pages"}],"about":[{"href":"https:\/\/derecho.mdp.edu.ar\/index.php\/wp-json\/wp\/v2\/types\/page"}],"author":[{"embeddable":true,"href":"https:\/\/derecho.mdp.edu.ar\/index.php\/wp-json\/wp\/v2\/users\/1"}],"replies":[{"embeddable":true,"href":"https:\/\/derecho.mdp.edu.ar\/index.php\/wp-json\/wp\/v2\/comments?post=110"}],"version-history":[{"count":3,"href":"https:\/\/derecho.mdp.edu.ar\/index.php\/wp-json\/wp\/v2\/pages\/110\/revisions"}],"predecessor-version":[{"id":1545,"href":"https:\/\/derecho.mdp.edu.ar\/index.php\/wp-json\/wp\/v2\/pages\/110\/revisions\/1545"}],"wp:attachment":[{"href":"https:\/\/derecho.mdp.edu.ar\/index.php\/wp-json\/wp\/v2\/media?parent=110"}],"curies":[{"name":"wp","href":"https:\/\/api.w.org\/{rel}","templated":true}]}}