{"id":1049,"date":"2021-08-12T19:19:10","date_gmt":"2021-08-12T22:19:10","guid":{"rendered":"https:\/\/www.mdp.edu.ar\/derecho\/derecho2019\/?page_id=1049"},"modified":"2023-07-25T12:18:31","modified_gmt":"2023-07-25T15:18:31","slug":"paso2021","status":"publish","type":"page","link":"https:\/\/derecho.mdp.edu.ar\/index.php\/paso2021\/","title":{"rendered":"Capacitaciones Presenciales para Autoridades de Mesa &#8211; PASO 2023"},"content":{"rendered":"<p>Para inscribirse en la capacitaci\u00f3n para Autoridades de Mesa designadas en estas PASO 2023 complete los datos requeridos a continuaci\u00f3n.<\/p>\n<p>La capacitaci\u00f3n tiene una duraci\u00f3n de (1) encuentro y deber\u00e1 reservar su turno en las fechas y horarios que se encuentran disponibles al final del formulario.<\/p>\n<p>Por favor, no olviden concurrir con fotocopia del telegrama para que quede constancia de la asistencia y agregar en el mismo en la parte superior tel\u00e9fono y correo electr\u00f3nico.<\/p>\n<p>[contact-form-7 id=&#8221;1048&#8243; title=&#8221;Capacitaciones MESA&#8221;]<\/p>\n","protected":false},"excerpt":{"rendered":"<p>Para inscribirse en la capacitaci\u00f3n para Autoridades de Mesa designadas en estas PASO 2023 complete los datos requeridos a continuaci\u00f3n. La capacitaci\u00f3n tiene una duraci\u00f3n de (1) encuentro y deber\u00e1 reservar su turno en las fechas y horarios que se encuentran disponibles al final del formulario. Por favor, no olviden concurrir con fotocopia del telegrama &hellip; <\/p>\n<p class=\"link-more\"><a href=\"https:\/\/derecho.mdp.edu.ar\/index.php\/paso2021\/\" class=\"more-link\">Segu\u00ed leyendo<span class=\"screen-reader-text\"> &#8220;Capacitaciones Presenciales para Autoridades de Mesa &#8211; PASO 2023&#8221;<\/span><\/a><\/p>\n","protected":false},"author":1,"featured_media":0,"parent":0,"menu_order":0,"comment_status":"closed","ping_status":"closed","template":"","meta":[],"_links":{"self":[{"href":"https:\/\/derecho.mdp.edu.ar\/index.php\/wp-json\/wp\/v2\/pages\/1049"}],"collection":[{"href":"https:\/\/derecho.mdp.edu.ar\/index.php\/wp-json\/wp\/v2\/pages"}],"about":[{"href":"https:\/\/derecho.mdp.edu.ar\/index.php\/wp-json\/wp\/v2\/types\/page"}],"author":[{"embeddable":true,"href":"https:\/\/derecho.mdp.edu.ar\/index.php\/wp-json\/wp\/v2\/users\/1"}],"replies":[{"embeddable":true,"href":"https:\/\/derecho.mdp.edu.ar\/index.php\/wp-json\/wp\/v2\/comments?post=1049"}],"version-history":[{"count":5,"href":"https:\/\/derecho.mdp.edu.ar\/index.php\/wp-json\/wp\/v2\/pages\/1049\/revisions"}],"predecessor-version":[{"id":1561,"href":"https:\/\/derecho.mdp.edu.ar\/index.php\/wp-json\/wp\/v2\/pages\/1049\/revisions\/1561"}],"wp:attachment":[{"href":"https:\/\/derecho.mdp.edu.ar\/index.php\/wp-json\/wp\/v2\/media?parent=1049"}],"curies":[{"name":"wp","href":"https:\/\/api.w.org\/{rel}","templated":true}]}}