{"id":100,"date":"2019-06-12T17:35:00","date_gmt":"2019-06-12T20:35:00","guid":{"rendered":"http:\/\/www.mdp.edu.ar\/derecho\/derecho2019\/?page_id=100"},"modified":"2019-06-13T00:06:17","modified_gmt":"2019-06-13T03:06:17","slug":"graduados-foros","status":"publish","type":"page","link":"https:\/\/derecho.mdp.edu.ar\/index.php\/graduados-foros\/","title":{"rendered":"Graduados &#8220;Foros&#8221;"},"content":{"rendered":"<h1>FOROS PERMANENTES DE LA UNIDAD DE GRADUADOS<\/h1>\n<p>Son espacios\u00a0 de debate y construcci\u00f3n jur\u00eddica, integrados por graduados de toda \u00edndole, contando entre sus funciones las siguientes:<\/p>\n<ol>\n<li>Organizaci\u00f3n de jornadas acad\u00e9micas y actividades.<\/li>\n<li>Blogs o grupo de WhatsApp para intercambio con colegas que tengan duda en el ejercicio de la profesi\u00f3n.<\/li>\n<li>Efectuar recomendaciones a distintas c\u00e1tedras de nuestra facultad, al colegio de abogados, entre otros casos.<\/li>\n<li>Generar publicaciones, ponencias, art\u00edculos de inter\u00e9s sobre la tem\u00e1tica que los ocupa.<\/li>\n<li>Fomentar la participaci\u00f3n del graduado en congresos y otras actividades acad\u00e9micas.<\/li>\n<\/ol>\n<h2><strong><u>Funcionamiento<\/u><\/strong><\/h2>\n<p>Cada foro contar\u00e1 con un coordinador a convenir a efectos de llevar el cronograma y modalidad de las actividades as\u00ed como interactuar con docentes invitados y con los distintos colegas que realicen consultas al foro.<\/p>\n<p>Las periodicidad de las reuniones del foro queda a voluntad de los integrantes del mismo.<\/p>\n<p>Para incorporar integrantes se deber\u00e1 completar una planilla con los datos personales que se agregara al legajo de cada foro.<\/p>\n<p>Las actividades propuestas ser\u00e1n incorporadas a una agenda en com\u00fan con cada uno de los foros a efectos de mantener un orden de toda la unidad de graduados y poder ofrecer actividades de todas las tem\u00e1ticas durante el a\u00f1o. Asimismo las erogaciones o gasto de las actividades ser\u00e1n tambi\u00e9n motivo de an\u00e1lisis posterior con id\u00e9ntica justificaci\u00f3n.<\/p>\n<h2><strong><u>Interacci\u00f3n del foro con abogados consultantes<\/u><\/strong><\/h2>\n<p>El colega realizar\u00e1 la consulta de manera an\u00f3nima la cual ser\u00e1 respondida por los integrantes del foro correspondiente. En caso de que la respuesta no resultare suficiente, se podr\u00e1 convocar una reuni\u00f3n con el integrante del foro en cuesti\u00f3n para poder evacuar todas las dem\u00e1s cuestiones que el graduado reciente considere.<\/p>\n<p>Todas las interacciones ser\u00e1n coordinadas por la persona designada a tales efectos, quien tendr\u00e1 a su cargo la asistencia del solicitante.<\/p>\n<p><img loading=\"lazy\" class=\"wp-image-380 size-thumbnail alignleft\" src=\"http:\/\/www.mdp.edu.ar\/derecho\/derecho2019\/wp-content\/uploads\/61959846_2388710691362358_1520681180293234688_n-150x150.jpg\" alt=\"\" width=\"150\" height=\"150\" srcset=\"https:\/\/derecho.mdp.edu.ar\/wp-content\/uploads\/61959846_2388710691362358_1520681180293234688_n-150x150.jpg 150w, https:\/\/derecho.mdp.edu.ar\/wp-content\/uploads\/61959846_2388710691362358_1520681180293234688_n-250x250.jpg 250w, https:\/\/derecho.mdp.edu.ar\/wp-content\/uploads\/61959846_2388710691362358_1520681180293234688_n-100x100.jpg 100w, https:\/\/derecho.mdp.edu.ar\/wp-content\/uploads\/61959846_2388710691362358_1520681180293234688_n-350x351.jpg 350w, https:\/\/derecho.mdp.edu.ar\/wp-content\/uploads\/61959846_2388710691362358_1520681180293234688_n-300x300.jpg 300w, https:\/\/derecho.mdp.edu.ar\/wp-content\/uploads\/61959846_2388710691362358_1520681180293234688_n-768x770.jpg 768w, https:\/\/derecho.mdp.edu.ar\/wp-content\/uploads\/61959846_2388710691362358_1520681180293234688_n-1022x1024.jpg 1022w, https:\/\/derecho.mdp.edu.ar\/wp-content\/uploads\/61959846_2388710691362358_1520681180293234688_n.jpg 1277w\" sizes=\"(max-width: 150px) 100vw, 150px\" \/> <img loading=\"lazy\" class=\"wp-image-381 size-thumbnail alignleft\" src=\"http:\/\/www.mdp.edu.ar\/derecho\/derecho2019\/wp-content\/uploads\/60062173_354485428751059_5902575479038148608_n-150x150.jpg\" alt=\"\" width=\"150\" height=\"150\" srcset=\"https:\/\/derecho.mdp.edu.ar\/wp-content\/uploads\/60062173_354485428751059_5902575479038148608_n-150x150.jpg 150w, https:\/\/derecho.mdp.edu.ar\/wp-content\/uploads\/60062173_354485428751059_5902575479038148608_n-250x250.jpg 250w, https:\/\/derecho.mdp.edu.ar\/wp-content\/uploads\/60062173_354485428751059_5902575479038148608_n-100x100.jpg 100w, https:\/\/derecho.mdp.edu.ar\/wp-content\/uploads\/60062173_354485428751059_5902575479038148608_n-350x350.jpg 350w, https:\/\/derecho.mdp.edu.ar\/wp-content\/uploads\/60062173_354485428751059_5902575479038148608_n-300x300.jpg 300w, https:\/\/derecho.mdp.edu.ar\/wp-content\/uploads\/60062173_354485428751059_5902575479038148608_n-768x768.jpg 768w, https:\/\/derecho.mdp.edu.ar\/wp-content\/uploads\/60062173_354485428751059_5902575479038148608_n-1024x1024.jpg 1024w, https:\/\/derecho.mdp.edu.ar\/wp-content\/uploads\/60062173_354485428751059_5902575479038148608_n.jpg 1280w\" sizes=\"(max-width: 150px) 100vw, 150px\" \/> <img loading=\"lazy\" class=\"wp-image-382 size-thumbnail alignleft\" src=\"http:\/\/www.mdp.edu.ar\/derecho\/derecho2019\/wp-content\/uploads\/61825519_2269083583172617_6192394623722192896_n-150x150.jpg\" alt=\"\" width=\"150\" height=\"150\" srcset=\"https:\/\/derecho.mdp.edu.ar\/wp-content\/uploads\/61825519_2269083583172617_6192394623722192896_n-150x150.jpg 150w, https:\/\/derecho.mdp.edu.ar\/wp-content\/uploads\/61825519_2269083583172617_6192394623722192896_n-250x250.jpg 250w, https:\/\/derecho.mdp.edu.ar\/wp-content\/uploads\/61825519_2269083583172617_6192394623722192896_n-100x100.jpg 100w, https:\/\/derecho.mdp.edu.ar\/wp-content\/uploads\/61825519_2269083583172617_6192394623722192896_n-350x350.jpg 350w, https:\/\/derecho.mdp.edu.ar\/wp-content\/uploads\/61825519_2269083583172617_6192394623722192896_n-300x300.jpg 300w, https:\/\/derecho.mdp.edu.ar\/wp-content\/uploads\/61825519_2269083583172617_6192394623722192896_n-768x768.jpg 768w, https:\/\/derecho.mdp.edu.ar\/wp-content\/uploads\/61825519_2269083583172617_6192394623722192896_n-1024x1024.jpg 1024w, https:\/\/derecho.mdp.edu.ar\/wp-content\/uploads\/61825519_2269083583172617_6192394623722192896_n.jpg 1280w\" sizes=\"(max-width: 150px) 100vw, 150px\" \/><\/p>\n<p><img loading=\"lazy\" class=\"wp-image-383 size-thumbnail alignleft\" src=\"http:\/\/www.mdp.edu.ar\/derecho\/derecho2019\/wp-content\/uploads\/61949155_1716495365120060_4826623911544225792_n-150x150.jpg\" alt=\"\" width=\"150\" height=\"150\" srcset=\"https:\/\/derecho.mdp.edu.ar\/wp-content\/uploads\/61949155_1716495365120060_4826623911544225792_n-150x150.jpg 150w, https:\/\/derecho.mdp.edu.ar\/wp-content\/uploads\/61949155_1716495365120060_4826623911544225792_n-250x250.jpg 250w, https:\/\/derecho.mdp.edu.ar\/wp-content\/uploads\/61949155_1716495365120060_4826623911544225792_n-100x100.jpg 100w, https:\/\/derecho.mdp.edu.ar\/wp-content\/uploads\/61949155_1716495365120060_4826623911544225792_n-350x350.jpg 350w, https:\/\/derecho.mdp.edu.ar\/wp-content\/uploads\/61949155_1716495365120060_4826623911544225792_n-300x300.jpg 300w, https:\/\/derecho.mdp.edu.ar\/wp-content\/uploads\/61949155_1716495365120060_4826623911544225792_n-768x768.jpg 768w, https:\/\/derecho.mdp.edu.ar\/wp-content\/uploads\/61949155_1716495365120060_4826623911544225792_n-1024x1024.jpg 1024w, https:\/\/derecho.mdp.edu.ar\/wp-content\/uploads\/61949155_1716495365120060_4826623911544225792_n.jpg 1280w\" sizes=\"(max-width: 150px) 100vw, 150px\" \/> <img loading=\"lazy\" class=\"wp-image-384 size-thumbnail alignleft\" src=\"http:\/\/www.mdp.edu.ar\/derecho\/derecho2019\/wp-content\/uploads\/62352790_1185719544921854_1287377165205110784_n-150x150.jpg\" alt=\"\" width=\"150\" height=\"150\" srcset=\"https:\/\/derecho.mdp.edu.ar\/wp-content\/uploads\/62352790_1185719544921854_1287377165205110784_n-150x150.jpg 150w, https:\/\/derecho.mdp.edu.ar\/wp-content\/uploads\/62352790_1185719544921854_1287377165205110784_n-250x250.jpg 250w, https:\/\/derecho.mdp.edu.ar\/wp-content\/uploads\/62352790_1185719544921854_1287377165205110784_n-100x100.jpg 100w, https:\/\/derecho.mdp.edu.ar\/wp-content\/uploads\/62352790_1185719544921854_1287377165205110784_n-350x349.jpg 350w, https:\/\/derecho.mdp.edu.ar\/wp-content\/uploads\/62352790_1185719544921854_1287377165205110784_n-300x300.jpg 300w, https:\/\/derecho.mdp.edu.ar\/wp-content\/uploads\/62352790_1185719544921854_1287377165205110784_n-768x766.jpg 768w, https:\/\/derecho.mdp.edu.ar\/wp-content\/uploads\/62352790_1185719544921854_1287377165205110784_n-1024x1022.jpg 1024w, https:\/\/derecho.mdp.edu.ar\/wp-content\/uploads\/62352790_1185719544921854_1287377165205110784_n.jpg 1280w\" sizes=\"(max-width: 150px) 100vw, 150px\" \/> <img loading=\"lazy\" class=\"wp-image-385 size-thumbnail alignleft\" src=\"http:\/\/www.mdp.edu.ar\/derecho\/derecho2019\/wp-content\/uploads\/62217593_381908272420093_3708936613531746304_n-150x150.jpg\" alt=\"\" width=\"150\" height=\"150\" srcset=\"https:\/\/derecho.mdp.edu.ar\/wp-content\/uploads\/62217593_381908272420093_3708936613531746304_n-150x150.jpg 150w, https:\/\/derecho.mdp.edu.ar\/wp-content\/uploads\/62217593_381908272420093_3708936613531746304_n-250x250.jpg 250w, https:\/\/derecho.mdp.edu.ar\/wp-content\/uploads\/62217593_381908272420093_3708936613531746304_n-100x100.jpg 100w, https:\/\/derecho.mdp.edu.ar\/wp-content\/uploads\/62217593_381908272420093_3708936613531746304_n-350x350.jpg 350w, https:\/\/derecho.mdp.edu.ar\/wp-content\/uploads\/62217593_381908272420093_3708936613531746304_n-300x300.jpg 300w, https:\/\/derecho.mdp.edu.ar\/wp-content\/uploads\/62217593_381908272420093_3708936613531746304_n-768x768.jpg 768w, https:\/\/derecho.mdp.edu.ar\/wp-content\/uploads\/62217593_381908272420093_3708936613531746304_n-1024x1024.jpg 1024w, https:\/\/derecho.mdp.edu.ar\/wp-content\/uploads\/62217593_381908272420093_3708936613531746304_n.jpg 1280w\" sizes=\"(max-width: 150px) 100vw, 150px\" \/><\/p>\n<p><img loading=\"lazy\" class=\"wp-image-386 size-thumbnail alignleft\" src=\"http:\/\/www.mdp.edu.ar\/derecho\/derecho2019\/wp-content\/uploads\/62138286_323590728596266_3338334695992590336_n-150x150.jpg\" alt=\"\" width=\"150\" height=\"150\" srcset=\"https:\/\/derecho.mdp.edu.ar\/wp-content\/uploads\/62138286_323590728596266_3338334695992590336_n-150x150.jpg 150w, https:\/\/derecho.mdp.edu.ar\/wp-content\/uploads\/62138286_323590728596266_3338334695992590336_n-250x250.jpg 250w, https:\/\/derecho.mdp.edu.ar\/wp-content\/uploads\/62138286_323590728596266_3338334695992590336_n-100x100.jpg 100w, https:\/\/derecho.mdp.edu.ar\/wp-content\/uploads\/62138286_323590728596266_3338334695992590336_n-350x349.jpg 350w, https:\/\/derecho.mdp.edu.ar\/wp-content\/uploads\/62138286_323590728596266_3338334695992590336_n-300x300.jpg 300w, https:\/\/derecho.mdp.edu.ar\/wp-content\/uploads\/62138286_323590728596266_3338334695992590336_n-768x766.jpg 768w, https:\/\/derecho.mdp.edu.ar\/wp-content\/uploads\/62138286_323590728596266_3338334695992590336_n-1024x1022.jpg 1024w, https:\/\/derecho.mdp.edu.ar\/wp-content\/uploads\/62138286_323590728596266_3338334695992590336_n.jpg 1280w\" sizes=\"(max-width: 150px) 100vw, 150px\" \/> <img loading=\"lazy\" class=\"wp-image-387 size-thumbnail alignleft\" src=\"http:\/\/www.mdp.edu.ar\/derecho\/derecho2019\/wp-content\/uploads\/62038937_812509762465634_4668652428827033600_n-150x150.jpg\" alt=\"\" width=\"150\" height=\"150\" srcset=\"https:\/\/derecho.mdp.edu.ar\/wp-content\/uploads\/62038937_812509762465634_4668652428827033600_n-150x150.jpg 150w, https:\/\/derecho.mdp.edu.ar\/wp-content\/uploads\/62038937_812509762465634_4668652428827033600_n-250x250.jpg 250w, https:\/\/derecho.mdp.edu.ar\/wp-content\/uploads\/62038937_812509762465634_4668652428827033600_n-100x100.jpg 100w, https:\/\/derecho.mdp.edu.ar\/wp-content\/uploads\/62038937_812509762465634_4668652428827033600_n-350x349.jpg 350w, https:\/\/derecho.mdp.edu.ar\/wp-content\/uploads\/62038937_812509762465634_4668652428827033600_n-300x300.jpg 300w, https:\/\/derecho.mdp.edu.ar\/wp-content\/uploads\/62038937_812509762465634_4668652428827033600_n-768x766.jpg 768w, https:\/\/derecho.mdp.edu.ar\/wp-content\/uploads\/62038937_812509762465634_4668652428827033600_n-1024x1022.jpg 1024w, https:\/\/derecho.mdp.edu.ar\/wp-content\/uploads\/62038937_812509762465634_4668652428827033600_n.jpg 1280w\" sizes=\"(max-width: 150px) 100vw, 150px\" \/> <img loading=\"lazy\" class=\"wp-image-388 size-thumbnail alignleft\" src=\"http:\/\/www.mdp.edu.ar\/derecho\/derecho2019\/wp-content\/uploads\/61871989_447882492440920_4019773477031510016_n-150x150.jpg\" alt=\"\" width=\"150\" height=\"150\" srcset=\"https:\/\/derecho.mdp.edu.ar\/wp-content\/uploads\/61871989_447882492440920_4019773477031510016_n-150x150.jpg 150w, https:\/\/derecho.mdp.edu.ar\/wp-content\/uploads\/61871989_447882492440920_4019773477031510016_n-250x250.jpg 250w, https:\/\/derecho.mdp.edu.ar\/wp-content\/uploads\/61871989_447882492440920_4019773477031510016_n-100x100.jpg 100w, https:\/\/derecho.mdp.edu.ar\/wp-content\/uploads\/61871989_447882492440920_4019773477031510016_n-350x350.jpg 350w, https:\/\/derecho.mdp.edu.ar\/wp-content\/uploads\/61871989_447882492440920_4019773477031510016_n-300x300.jpg 300w, https:\/\/derecho.mdp.edu.ar\/wp-content\/uploads\/61871989_447882492440920_4019773477031510016_n-768x768.jpg 768w, https:\/\/derecho.mdp.edu.ar\/wp-content\/uploads\/61871989_447882492440920_4019773477031510016_n-1024x1024.jpg 1024w, https:\/\/derecho.mdp.edu.ar\/wp-content\/uploads\/61871989_447882492440920_4019773477031510016_n.jpg 1280w\" sizes=\"(max-width: 150px) 100vw, 150px\" \/><\/p>\n<p>&nbsp;<\/p>\n<h2><\/h2>\n<p>&nbsp;<\/p>\n","protected":false},"excerpt":{"rendered":"<p>FOROS PERMANENTES DE LA UNIDAD DE GRADUADOS Son espacios\u00a0 de debate y construcci\u00f3n jur\u00eddica, integrados por graduados de toda \u00edndole, contando entre sus funciones las siguientes: Organizaci\u00f3n de jornadas acad\u00e9micas y actividades. Blogs o grupo de WhatsApp para intercambio con colegas que tengan duda en el ejercicio de la profesi\u00f3n. Efectuar recomendaciones a distintas c\u00e1tedras &hellip; <\/p>\n<p class=\"link-more\"><a href=\"https:\/\/derecho.mdp.edu.ar\/index.php\/graduados-foros\/\" class=\"more-link\">Segu\u00ed leyendo<span class=\"screen-reader-text\"> &#8220;Graduados &#8220;Foros&#8221;&#8221;<\/span><\/a><\/p>\n","protected":false},"author":1,"featured_media":0,"parent":0,"menu_order":0,"comment_status":"closed","ping_status":"closed","template":"","meta":[],"_links":{"self":[{"href":"https:\/\/derecho.mdp.edu.ar\/index.php\/wp-json\/wp\/v2\/pages\/100"}],"collection":[{"href":"https:\/\/derecho.mdp.edu.ar\/index.php\/wp-json\/wp\/v2\/pages"}],"about":[{"href":"https:\/\/derecho.mdp.edu.ar\/index.php\/wp-json\/wp\/v2\/types\/page"}],"author":[{"embeddable":true,"href":"https:\/\/derecho.mdp.edu.ar\/index.php\/wp-json\/wp\/v2\/users\/1"}],"replies":[{"embeddable":true,"href":"https:\/\/derecho.mdp.edu.ar\/index.php\/wp-json\/wp\/v2\/comments?post=100"}],"version-history":[{"count":3,"href":"https:\/\/derecho.mdp.edu.ar\/index.php\/wp-json\/wp\/v2\/pages\/100\/revisions"}],"predecessor-version":[{"id":389,"href":"https:\/\/derecho.mdp.edu.ar\/index.php\/wp-json\/wp\/v2\/pages\/100\/revisions\/389"}],"wp:attachment":[{"href":"https:\/\/derecho.mdp.edu.ar\/index.php\/wp-json\/wp\/v2\/media?parent=100"}],"curies":[{"name":"wp","href":"https:\/\/api.w.org\/{rel}","templated":true}]}}